{"id":524,"date":"2023-12-21T09:04:24","date_gmt":"2023-12-21T08:04:24","guid":{"rendered":"https:\/\/www.hotelforsale.me\/?page_id=524"},"modified":"2024-01-12T12:52:22","modified_gmt":"2024-01-12T11:52:22","slug":"servicios","status":"publish","type":"page","link":"https:\/\/www.hotelforsale.me\/es\/servicios\/","title":{"rendered":"Servicios"},"content":{"rendered":"<div data-elementor-type=\"wp-page\" data-elementor-id=\"524\" class=\"elementor elementor-524\" data-elementor-post-type=\"page\">\n\t\t\t\t\t\t<section class=\"elementor-section elementor-top-section elementor-element elementor-element-596954e1 elementor-section-boxed elementor-section-height-default elementor-section-height-default\" data-id=\"596954e1\" data-element_type=\"section\" data-settings=\"{&quot;background_background&quot;:&quot;classic&quot;}\">\n\t\t\t\t\t\t\t<div class=\"elementor-background-overlay\"><\/div>\n\t\t\t\t\t\t\t<div class=\"elementor-container elementor-column-gap-default\">\n\t\t\t\t\t<div class=\"elementor-column elementor-col-100 elementor-top-column elementor-element elementor-element-2948ca1f sombreado\" data-id=\"2948ca1f\" data-element_type=\"column\">\n\t\t\t<div class=\"elementor-widget-wrap elementor-element-populated\">\n\t\t\t\t\t\t<div class=\"elementor-element elementor-element-3632eb4f elementor-widget elementor-widget-heading\" data-id=\"3632eb4f\" data-element_type=\"widget\" data-widget_type=\"heading.default\">\n\t\t\t\t<div class=\"elementor-widget-container\">\n\t\t\t\t\t<h1 class=\"elementor-heading-title elementor-size-default\">Nuestros servicios<\/h1>\t\t\t\t<\/div>\n\t\t\t\t<\/div>\n\t\t\t\t<div class=\"elementor-element elementor-element-23d309c1 elementor-widget elementor-widget-text-editor\" data-id=\"23d309c1\" data-element_type=\"widget\" data-widget_type=\"text-editor.default\">\n\t\t\t\t<div class=\"elementor-widget-container\">\n\t\t\t\t\t\t\t\t\t<p>En el \u00e1mbito multifac\u00e9tico de la hoteler\u00eda, cada servicio prestado, cada interacci\u00f3n fomentada y cada estrategia implementada tiene un profundo impacto.<\/p><p>En \u201cHotel For Sale\u201d, entendemos este complejo baile y, como embajadores globales de la industria hotelera, estamos comprometidos a brindar servicios que no solo cumplan sino que superen las expectativas.<\/p>\t\t\t\t\t\t\t\t<\/div>\n\t\t\t\t<\/div>\n\t\t\t\t\t<\/div>\n\t\t<\/div>\n\t\t\t\t\t<\/div>\n\t\t<\/section>\n\t\t\t\t<section class=\"elementor-section elementor-top-section elementor-element elementor-element-150082bf elementor-section-boxed elementor-section-height-default elementor-section-height-default\" data-id=\"150082bf\" data-element_type=\"section\" data-settings=\"{&quot;background_background&quot;:&quot;classic&quot;}\">\n\t\t\t\t\t\t<div class=\"elementor-container elementor-column-gap-default\">\n\t\t\t\t\t<div class=\"elementor-column elementor-col-100 elementor-top-column elementor-element elementor-element-e12939b\" data-id=\"e12939b\" data-element_type=\"column\">\n\t\t\t<div class=\"elementor-widget-wrap elementor-element-populated\">\n\t\t\t\t\t\t<div class=\"elementor-element elementor-element-3800dba5 elementor-widget elementor-widget-heading\" data-id=\"3800dba5\" data-element_type=\"widget\" data-widget_type=\"heading.default\">\n\t\t\t\t<div class=\"elementor-widget-container\">\n\t\t\t\t\t<h2 class=\"elementor-heading-title elementor-size-default\">Elevando la excelencia hotelera: nuestros servicios integrales<\/h2>\t\t\t\t<\/div>\n\t\t\t\t<\/div>\n\t\t\t\t<div class=\"elementor-element elementor-element-3dde7f45 elementor-widget elementor-widget-text-editor\" data-id=\"3dde7f45\" data-element_type=\"widget\" data-widget_type=\"text-editor.default\">\n\t\t\t\t<div class=\"elementor-widget-container\">\n\t\t\t\t\t\t\t\t\t<p>1. <strong>Ventas y Alquileres:<\/strong> El mundo inmobiliario, especialmente en el sector hotelero, es una red compleja de oportunidades, valoraciones, negociaciones y transacciones. Nuestra competencia en este \u00e1mbito garantiza que no solo facilitemos las transacciones; Los dise\u00f1amos con la m\u00e1xima discreci\u00f3n y precisi\u00f3n milim\u00e9trica. Ya sea una posada hist\u00f3rica en el campo europeo o un complejo urbano contempor\u00e1neo, nuestro compromiso sigue siendo el mismo: garantizar una experiencia de venta o alquiler fluida, transparente y gratificante para ambas partes.<\/p><p>2. <strong>Gesti\u00f3n Hotelera*<\/strong> M\u00e1s all\u00e1 de los ladrillos y el mortero de un hotel se encuentra su alma: el servicio, el ambiente, el esp\u00edritu. Elaborar y mantener estos elementos requiere una profunda comprensi\u00f3n tanto de los matices locales como de las tendencias globales. Nuestro enfoque de la gesti\u00f3n hotelera se basa en esta doble perspectiva. Ofrecemos estrategias personalizadas que est\u00e1n meticulosamente dise\u00f1adas para resonar en los mercados locales, pero lo suficientemente \u00e1giles para adaptarse a las tendencias globales en constante evoluci\u00f3n. \u00bfNuestra misi\u00f3n? Para garantizar que cada hu\u00e9sped salga con una experiencia que apreciar\u00e1 y que cada hotelero duerma tranquilo sabiendo que su establecimiento est\u00e1 en manos expertas.<\/p><p>3. <strong>Expansi\u00f3n internacional:<\/strong> El atractivo de territorios inexplorados, la emoci\u00f3n de introducir una marca en nuevas costas, la promesa de mercados inexplorados: la expansi\u00f3n internacional es un sue\u00f1o albergado por muchos, pero realizado por pocos. En \u201cHotel For Sale\u201d, estamos aqu\u00ed para cambiar esa narrativa. Nuestra experiencia radica en guiar a las empresas a trav\u00e9s del intrincado laberinto de la expansi\u00f3n global. Con una combinaci\u00f3n de asesoramiento estrat\u00e9gico, conocimientos pr\u00e1cticos y apoyo sobre el terreno, capacitamos a las empresas no s\u00f3lo para cruzar fronteras, sino tambi\u00e9n para establecer fortalezas, capturar nuevos mercados y generar un impacto duradero.<\/p><p>En el panorama siempre cambiante de la industria hotelera, contar con un socio confiable, experimentado y visionario puede marcar la diferencia. En \u201cHotel For Sale\u201d, no somos s\u00f3lo proveedores de servicios; somos colaboradores, socios y facilitadores de sue\u00f1os. Por lo tanto, cuando elige contratar nuestros servicios, sepa que est\u00e1 obteniendo m\u00e1s que una soluci\u00f3n: est\u00e1 adquiriendo un compromiso con la excelencia.<\/p>\t\t\t\t\t\t\t\t<\/div>\n\t\t\t\t<\/div>\n\t\t\t\t\t<\/div>\n\t\t<\/div>\n\t\t\t\t\t<\/div>\n\t\t<\/section>\n\t\t\t\t<\/div>","protected":false},"excerpt":{"rendered":"<p>Our Services In the multifaceted realm of hospitality, every service rendered, every interaction fostered, and every strategy implemented has a profound impact. At &#8220;Hotel For Sale&#8221;, we understand this intricate dance, and as global ambassadors of the hotel industry, we are committed to providing services that not only meet but exceed expectations. Elevating Hospitality Excellence: [&hellip;]<\/p>","protected":false},"author":1,"featured_media":0,"parent":0,"menu_order":4,"comment_status":"closed","ping_status":"closed","template":"","meta":{"site-sidebar-layout":"no-sidebar","site-content-layout":"page-builder","ast-site-content-layout":"full-width-container","site-content-style":"default","site-sidebar-style":"default","ast-global-header-display":"","ast-banner-title-visibility":"","ast-main-header-display":"","ast-hfb-above-header-display":"","ast-hfb-below-header-display":"","ast-hfb-mobile-header-display":"","site-post-title":"disabled","ast-breadcrumbs-content":"","ast-featured-img":"disabled","footer-sml-layout":"","theme-transparent-header-meta":"enabled","adv-header-id-meta":"","stick-header-meta":"default","header-above-stick-meta":"","header-main-stick-meta":"","header-below-stick-meta":"","astra-migrate-meta-layouts":"set","ast-page-background-enabled":"default","ast-page-background-meta":{"desktop":{"background-color":"","background-image":"","background-repeat":"repeat","background-position":"center center","background-size":"auto","background-attachment":"scroll","background-type":"","background-media":"","overlay-type":"","overlay-color":"","overlay-opacity":"","overlay-gradient":""},"tablet":{"background-color":"","background-image":"","background-repeat":"repeat","background-position":"center center","background-size":"auto","background-attachment":"scroll","background-type":"","background-media":"","overlay-type":"","overlay-color":"","overlay-opacity":"","overlay-gradient":""},"mobile":{"background-color":"","background-image":"","background-repeat":"repeat","background-position":"center center","background-size":"auto","background-attachment":"scroll","background-type":"","background-media":"","overlay-type":"","overlay-color":"","overlay-opacity":"","overlay-gradient":""}},"ast-content-background-meta":{"desktop":{"background-color":"var(--ast-global-color-5)","background-image":"","background-repeat":"repeat","background-position":"center center","background-size":"auto","background-attachment":"scroll","background-type":"","background-media":"","overlay-type":"","overlay-color":"","overlay-opacity":"","overlay-gradient":""},"tablet":{"background-color":"var(--ast-global-color-5)","background-image":"","background-repeat":"repeat","background-position":"center center","background-size":"auto","background-attachment":"scroll","background-type":"","background-media":"","overlay-type":"","overlay-color":"","overlay-opacity":"","overlay-gradient":""},"mobile":{"background-color":"var(--ast-global-color-5)","background-image":"","background-repeat":"repeat","background-position":"center center","background-size":"auto","background-attachment":"scroll","background-type":"","background-media":"","overlay-type":"","overlay-color":"","overlay-opacity":"","overlay-gradient":""}},"footnotes":""},"class_list":["post-524","page","type-page","status-publish","hentry"],"yoast_head":"<!-- This site is optimized with the Yoast SEO plugin v26.0 - https:\/\/yoast.com\/wordpress\/plugins\/seo\/ -->\n<title>Services - International Hotel For Sale<\/title>\n<meta name=\"description\" content=\"Sales and Rentals, Hotel Management, Internatiol Expansion\" \/>\n<meta name=\"robots\" content=\"index, follow, max-snippet:-1, max-image-preview:large, max-video-preview:-1\" \/>\n<link rel=\"canonical\" href=\"https:\/\/www.hotelforsale.me\/es\/servicios\/\" \/>\n<meta property=\"og:locale\" content=\"es_ES\" \/>\n<meta property=\"og:type\" content=\"article\" \/>\n<meta property=\"og:title\" content=\"Services - International Hotel For Sale\" \/>\n<meta property=\"og:description\" content=\"Sales and Rentals, Hotel Management, Internatiol Expansion\" \/>\n<meta property=\"og:url\" content=\"https:\/\/www.hotelforsale.me\/es\/servicios\/\" \/>\n<meta property=\"og:site_name\" content=\"International Hotel For Sale\" \/>\n<meta property=\"article:modified_time\" content=\"2024-01-12T11:52:22+00:00\" \/>\n<meta property=\"og:image\" content=\"https:\/\/www.hotelforsale.me\/wp-content\/uploads\/2024\/01\/Logo_IHS.png\" \/>\n\t<meta property=\"og:image:width\" content=\"512\" \/>\n\t<meta property=\"og:image:height\" content=\"512\" \/>\n\t<meta property=\"og:image:type\" content=\"image\/png\" \/>\n<meta name=\"twitter:card\" content=\"summary_large_image\" \/>\n<script type=\"application\/ld+json\" class=\"yoast-schema-graph\">{\"@context\":\"https:\/\/schema.org\",\"@graph\":[{\"@type\":\"WebPage\",\"@id\":\"https:\/\/www.hotelforsale.me\/services\/\",\"url\":\"https:\/\/www.hotelforsale.me\/services\/\",\"name\":\"Services - International Hotel For Sale\",\"isPartOf\":{\"@id\":\"https:\/\/www.hotelforsale.me\/#website\"},\"datePublished\":\"2023-12-21T08:04:24+00:00\",\"dateModified\":\"2024-01-12T11:52:22+00:00\",\"description\":\"Sales and Rentals, Hotel Management, Internatiol Expansion\",\"breadcrumb\":{\"@id\":\"https:\/\/www.hotelforsale.me\/services\/#breadcrumb\"},\"inLanguage\":\"es\",\"potentialAction\":[{\"@type\":\"ReadAction\",\"target\":[\"https:\/\/www.hotelforsale.me\/services\/\"]}]},{\"@type\":\"BreadcrumbList\",\"@id\":\"https:\/\/www.hotelforsale.me\/services\/#breadcrumb\",\"itemListElement\":[{\"@type\":\"ListItem\",\"position\":1,\"name\":\"Inicio\",\"item\":\"https:\/\/www.hotelforsale.me\/\"},{\"@type\":\"ListItem\",\"position\":2,\"name\":\"Services\"}]},{\"@type\":\"WebSite\",\"@id\":\"https:\/\/www.hotelforsale.me\/#website\",\"url\":\"https:\/\/www.hotelforsale.me\/\",\"name\":\"Hotel For Sale\",\"description\":\"The best International Hotels Marketplace\",\"publisher\":{\"@id\":\"https:\/\/www.hotelforsale.me\/#organization\"},\"potentialAction\":[{\"@type\":\"SearchAction\",\"target\":{\"@type\":\"EntryPoint\",\"urlTemplate\":\"https:\/\/www.hotelforsale.me\/?s={search_term_string}\"},\"query-input\":{\"@type\":\"PropertyValueSpecification\",\"valueRequired\":true,\"valueName\":\"search_term_string\"}}],\"inLanguage\":\"es\"},{\"@type\":\"Organization\",\"@id\":\"https:\/\/www.hotelforsale.me\/#organization\",\"name\":\"Hotel For Sale\",\"url\":\"https:\/\/www.hotelforsale.me\/\",\"logo\":{\"@type\":\"ImageObject\",\"inLanguage\":\"es\",\"@id\":\"https:\/\/www.hotelforsale.me\/#\/schema\/logo\/image\/\",\"url\":\"https:\/\/www.hotelforsale.me\/wp-content\/uploads\/2024\/01\/Logo_IHS.png\",\"contentUrl\":\"https:\/\/www.hotelforsale.me\/wp-content\/uploads\/2024\/01\/Logo_IHS.png\",\"width\":512,\"height\":512,\"caption\":\"Hotel For Sale\"},\"image\":{\"@id\":\"https:\/\/www.hotelforsale.me\/#\/schema\/logo\/image\/\"}}]}<\/script>\n<!-- \/ Yoast SEO plugin. -->","yoast_head_json":{"title":"Servicios - Internacional Hotel For Sale","description":"Ventas y Alquileres, Gesti\u00f3n Hotelera, Expansi\u00f3n Internacional","robots":{"index":"index","follow":"follow","max-snippet":"max-snippet:-1","max-image-preview":"max-image-preview:large","max-video-preview":"max-video-preview:-1"},"canonical":"https:\/\/www.hotelforsale.me\/es\/servicios\/","og_locale":"es_ES","og_type":"article","og_title":"Services - International Hotel For Sale","og_description":"Sales and Rentals, Hotel Management, Internatiol Expansion","og_url":"https:\/\/www.hotelforsale.me\/es\/servicios\/","og_site_name":"International Hotel For Sale","article_modified_time":"2024-01-12T11:52:22+00:00","og_image":[{"width":512,"height":512,"url":"https:\/\/www.hotelforsale.me\/wp-content\/uploads\/2024\/01\/Logo_IHS.png","type":"image\/png"}],"twitter_card":"summary_large_image","schema":{"@context":"https:\/\/schema.org","@graph":[{"@type":"WebPage","@id":"https:\/\/www.hotelforsale.me\/services\/","url":"https:\/\/www.hotelforsale.me\/services\/","name":"Servicios - Internacional Hotel For Sale","isPartOf":{"@id":"https:\/\/www.hotelforsale.me\/#website"},"datePublished":"2023-12-21T08:04:24+00:00","dateModified":"2024-01-12T11:52:22+00:00","description":"Ventas y Alquileres, Gesti\u00f3n Hotelera, Expansi\u00f3n Internacional","breadcrumb":{"@id":"https:\/\/www.hotelforsale.me\/services\/#breadcrumb"},"inLanguage":"es","potentialAction":[{"@type":"ReadAction","target":["https:\/\/www.hotelforsale.me\/services\/"]}]},{"@type":"BreadcrumbList","@id":"https:\/\/www.hotelforsale.me\/services\/#breadcrumb","itemListElement":[{"@type":"ListItem","position":1,"name":"Inicio","item":"https:\/\/www.hotelforsale.me\/"},{"@type":"ListItem","position":2,"name":"Services"}]},{"@type":"WebSite","@id":"https:\/\/www.hotelforsale.me\/#website","url":"https:\/\/www.hotelforsale.me\/","name":"Hotel For Sale","description":"El mejor Marketplace Internacional de Hoteles","publisher":{"@id":"https:\/\/www.hotelforsale.me\/#organization"},"potentialAction":[{"@type":"SearchAction","target":{"@type":"EntryPoint","urlTemplate":"https:\/\/www.hotelforsale.me\/?s={search_term_string}"},"query-input":{"@type":"PropertyValueSpecification","valueRequired":true,"valueName":"search_term_string"}}],"inLanguage":"es"},{"@type":"Organization","@id":"https:\/\/www.hotelforsale.me\/#organization","name":"Hotel For Sale","url":"https:\/\/www.hotelforsale.me\/","logo":{"@type":"ImageObject","inLanguage":"es","@id":"https:\/\/www.hotelforsale.me\/#\/schema\/logo\/image\/","url":"https:\/\/www.hotelforsale.me\/wp-content\/uploads\/2024\/01\/Logo_IHS.png","contentUrl":"https:\/\/www.hotelforsale.me\/wp-content\/uploads\/2024\/01\/Logo_IHS.png","width":512,"height":512,"caption":"Hotel For Sale"},"image":{"@id":"https:\/\/www.hotelforsale.me\/#\/schema\/logo\/image\/"}}]}},"_links":{"self":[{"href":"https:\/\/www.hotelforsale.me\/es\/wp-json\/wp\/v2\/pages\/524","targetHints":{"allow":["GET"]}}],"collection":[{"href":"https:\/\/www.hotelforsale.me\/es\/wp-json\/wp\/v2\/pages"}],"about":[{"href":"https:\/\/www.hotelforsale.me\/es\/wp-json\/wp\/v2\/types\/page"}],"author":[{"embeddable":true,"href":"https:\/\/www.hotelforsale.me\/es\/wp-json\/wp\/v2\/users\/1"}],"replies":[{"embeddable":true,"href":"https:\/\/www.hotelforsale.me\/es\/wp-json\/wp\/v2\/comments?post=524"}],"version-history":[{"count":16,"href":"https:\/\/www.hotelforsale.me\/es\/wp-json\/wp\/v2\/pages\/524\/revisions"}],"predecessor-version":[{"id":736,"href":"https:\/\/www.hotelforsale.me\/es\/wp-json\/wp\/v2\/pages\/524\/revisions\/736"}],"wp:attachment":[{"href":"https:\/\/www.hotelforsale.me\/es\/wp-json\/wp\/v2\/media?parent=524"}],"curies":[{"name":"wp","href":"https:\/\/api.w.org\/{rel}","templated":true}]}}