{"id":530,"date":"2023-12-21T09:09:50","date_gmt":"2023-12-21T08:09:50","guid":{"rendered":"https:\/\/www.hotelforsale.me\/?page_id=530"},"modified":"2024-01-12T12:14:36","modified_gmt":"2024-01-12T11:14:36","slug":"inversores","status":"publish","type":"page","link":"https:\/\/www.hotelforsale.me\/es\/inversores\/","title":{"rendered":"Inversores"},"content":{"rendered":"<div data-elementor-type=\"wp-page\" data-elementor-id=\"530\" class=\"elementor elementor-530\" data-elementor-post-type=\"page\">\n\t\t\t\t\t\t<section class=\"elementor-section elementor-top-section elementor-element elementor-element-440238cf elementor-section-boxed elementor-section-height-default elementor-section-height-default\" data-id=\"440238cf\" data-element_type=\"section\" data-settings=\"{&quot;background_background&quot;:&quot;classic&quot;}\">\n\t\t\t\t\t\t\t<div class=\"elementor-background-overlay\"><\/div>\n\t\t\t\t\t\t\t<div class=\"elementor-container elementor-column-gap-default\">\n\t\t\t\t\t<div class=\"elementor-column elementor-col-100 elementor-top-column elementor-element elementor-element-64b6fced sombreado\" data-id=\"64b6fced\" data-element_type=\"column\">\n\t\t\t<div class=\"elementor-widget-wrap elementor-element-populated\">\n\t\t\t\t\t\t<div class=\"elementor-element elementor-element-242ee7c9 elementor-widget elementor-widget-heading\" data-id=\"242ee7c9\" data-element_type=\"widget\" data-widget_type=\"heading.default\">\n\t\t\t\t<div class=\"elementor-widget-container\">\n\t\t\t\t\t<h1 class=\"elementor-heading-title elementor-size-default\">Inversores<\/h1>\t\t\t\t<\/div>\n\t\t\t\t<\/div>\n\t\t\t\t<div class=\"elementor-element elementor-element-23e9589c elementor-widget elementor-widget-text-editor\" data-id=\"23e9589c\" data-element_type=\"widget\" data-widget_type=\"text-editor.default\">\n\t\t\t\t<div class=\"elementor-widget-container\">\n\t\t\t\t\t\t\t\t\t<p>En el mundo interconectado de hoy, el horizonte de oportunidades de inversi\u00f3n se ha expandido m\u00e1s all\u00e1 de las fronteras tradicionales, y en ning\u00fan lugar esto es m\u00e1s evidente que en el \u00e1mbito de la hospitalidad internacional. Para los inversores exigentes con la vista puesta en el escenario mundial, la inversi\u00f3n adecuada puede ser la clave para desbloquear rentabilidades y crecimiento inigualables.<\/p>\t\t\t\t\t\t\t\t<\/div>\n\t\t\t\t<\/div>\n\t\t\t\t\t<\/div>\n\t\t<\/div>\n\t\t\t\t\t<\/div>\n\t\t<\/section>\n\t\t\t\t<section class=\"elementor-section elementor-top-section elementor-element elementor-element-202c7679 elementor-section-boxed elementor-section-height-default elementor-section-height-default\" data-id=\"202c7679\" data-element_type=\"section\" data-settings=\"{&quot;background_background&quot;:&quot;classic&quot;}\">\n\t\t\t\t\t\t<div class=\"elementor-container elementor-column-gap-default\">\n\t\t\t\t\t<div class=\"elementor-column elementor-col-100 elementor-top-column elementor-element elementor-element-66454c16\" data-id=\"66454c16\" data-element_type=\"column\">\n\t\t\t<div class=\"elementor-widget-wrap elementor-element-populated\">\n\t\t\t\t\t\t<div class=\"elementor-element elementor-element-237622e5 elementor-widget elementor-widget-heading\" data-id=\"237622e5\" data-element_type=\"widget\" data-widget_type=\"heading.default\">\n\t\t\t\t<div class=\"elementor-widget-container\">\n\t\t\t\t\t<h2 class=\"elementor-heading-title elementor-size-default\">Navegando por la excelencia: la esencia de Hotel For Sale<\/h2>\t\t\t\t<\/div>\n\t\t\t\t<\/div>\n\t\t\t\t<div class=\"elementor-element elementor-element-7f5af105 elementor-widget elementor-widget-text-editor\" data-id=\"7f5af105\" data-element_type=\"widget\" data-widget_type=\"text-editor.default\">\n\t\t\t\t<div class=\"elementor-widget-container\">\n\t\t\t\t\t\t\t\t\t<p>En \u201cHotel For Sale\u201d, estamos en el nexo de esta transformaci\u00f3n global. Entendemos que el mundo de las inversiones hoteleras es vasto, variado y, en ocasiones, abrumador. Pero con la orientaci\u00f3n adecuada, tambi\u00e9n est\u00e1 lleno de potencial. Aqu\u00ed es donde nuestra experiencia entra en juego.<\/p><p>Para aquellos con aspiraciones globales, ofrecemos m\u00e1s que solo listados; Presentamos propiedades meticulosamente seleccionadas que representan el pin\u00e1culo de las oportunidades hoteleras internacionales. Cada propiedad se elige con mucho ojo<\/p><p>para el potencial, teniendo en cuenta la ubicaci\u00f3n, el dise\u00f1o, el desempe\u00f1o hist\u00f3rico y las tendencias futuras. Esto garantiza que nuestros inversores est\u00e9n siempre un paso por delante en el din\u00e1mico mundo de la inversi\u00f3n hotelera.<\/p><p>Sin embargo, lo que realmente nos diferencia es nuestro compromiso con la discreci\u00f3n y la confianza. Reconocemos que las inversiones importantes requieren algo m\u00e1s que capital financiero; Exigen confianza, confidencialidad y tranquilidad. En cada transacci\u00f3n, priorizamos su seguridad, garantizando un proceso transparente y fluido desde la consulta inicial hasta la adquisici\u00f3n final.<\/p><p>Adem\u00e1s, en un mundo donde los mercados cambian de la noche a la ma\u00f1ana, nuestro dedo sigue firmemente al tanto de las tendencias globales. Proporcionamos informaci\u00f3n no s\u00f3lo sobre las oportunidades actuales, sino tambi\u00e9n sobre los mercados emergentes, las \u00e1reas de crecimiento futuro y los cambios en el comportamiento de los viajeros. Este enfoque con visi\u00f3n de futuro garantiza que nuestros inversores est\u00e9n siempre preparados para aprovechar la pr\u00f3xima gran oportunidad.<\/p><p>Al final, en \u201cHotel For Sale\u201d creemos en forjar relaciones duraderas. Nuestro \u00e9xito est\u00e1 entrelazado con el \u00e9xito de nuestros inversores. Mientras su objetivo es trascender fronteras y acceder al mercado hotelero global, perm\u00edtanos ser su socio de confianza y guiarlo en cada paso del camino.<\/p>\t\t\t\t\t\t\t\t<\/div>\n\t\t\t\t<\/div>\n\t\t\t\t\t<\/div>\n\t\t<\/div>\n\t\t\t\t\t<\/div>\n\t\t<\/section>\n\t\t\t\t<\/div>","protected":false},"excerpt":{"rendered":"<p>Inversores En el mundo interconectado de hoy, el horizonte de oportunidades de inversi\u00f3n se ha expandido m\u00e1s all\u00e1 de las fronteras tradicionales, y en ning\u00fan lugar esto es m\u00e1s evidente que en el \u00e1mbito de la hospitalidad internacional. Para los inversores exigentes con la vista puesta en el escenario mundial, la inversi\u00f3n adecuada puede ser la clave para desbloquear rentabilidades y crecimiento inigualables. Navegando por la excelencia: la esencia [\u2026]<\/p>","protected":false},"author":1,"featured_media":0,"parent":0,"menu_order":5,"comment_status":"closed","ping_status":"closed","template":"","meta":{"site-sidebar-layout":"no-sidebar","site-content-layout":"page-builder","ast-site-content-layout":"full-width-container","site-content-style":"default","site-sidebar-style":"default","ast-global-header-display":"","ast-banner-title-visibility":"","ast-main-header-display":"","ast-hfb-above-header-display":"","ast-hfb-below-header-display":"","ast-hfb-mobile-header-display":"","site-post-title":"disabled","ast-breadcrumbs-content":"","ast-featured-img":"disabled","footer-sml-layout":"","theme-transparent-header-meta":"enabled","adv-header-id-meta":"","stick-header-meta":"default","header-above-stick-meta":"","header-main-stick-meta":"","header-below-stick-meta":"","astra-migrate-meta-layouts":"set","ast-page-background-enabled":"default","ast-page-background-meta":{"desktop":{"background-color":"","background-image":"","background-repeat":"repeat","background-position":"center center","background-size":"auto","background-attachment":"scroll","background-type":"","background-media":"","overlay-type":"","overlay-color":"","overlay-opacity":"","overlay-gradient":""},"tablet":{"background-color":"","background-image":"","background-repeat":"repeat","background-position":"center center","background-size":"auto","background-attachment":"scroll","background-type":"","background-media":"","overlay-type":"","overlay-color":"","overlay-opacity":"","overlay-gradient":""},"mobile":{"background-color":"","background-image":"","background-repeat":"repeat","background-position":"center center","background-size":"auto","background-attachment":"scroll","background-type":"","background-media":"","overlay-type":"","overlay-color":"","overlay-opacity":"","overlay-gradient":""}},"ast-content-background-meta":{"desktop":{"background-color":"var(--ast-global-color-5)","background-image":"","background-repeat":"repeat","background-position":"center center","background-size":"auto","background-attachment":"scroll","background-type":"","background-media":"","overlay-type":"","overlay-color":"","overlay-opacity":"","overlay-gradient":""},"tablet":{"background-color":"var(--ast-global-color-5)","background-image":"","background-repeat":"repeat","background-position":"center center","background-size":"auto","background-attachment":"scroll","background-type":"","background-media":"","overlay-type":"","overlay-color":"","overlay-opacity":"","overlay-gradient":""},"mobile":{"background-color":"var(--ast-global-color-5)","background-image":"","background-repeat":"repeat","background-position":"center center","background-size":"auto","background-attachment":"scroll","background-type":"","background-media":"","overlay-type":"","overlay-color":"","overlay-opacity":"","overlay-gradient":""}},"footnotes":""},"class_list":["post-530","page","type-page","status-publish","hentry"],"yoast_head":"<!-- This site is optimized with the Yoast SEO plugin v26.0 - https:\/\/yoast.com\/wordpress\/plugins\/seo\/ -->\n<title>Investors - International Hotel For Sale<\/title>\n<meta name=\"description\" content=\"We present meticulously curated properties that represent the pinnacle of international hotel opportunities\" \/>\n<meta name=\"robots\" content=\"index, follow, max-snippet:-1, max-image-preview:large, max-video-preview:-1\" \/>\n<link rel=\"canonical\" href=\"https:\/\/www.hotelforsale.me\/es\/inversores\/\" \/>\n<meta property=\"og:locale\" content=\"es_ES\" \/>\n<meta property=\"og:type\" content=\"article\" \/>\n<meta property=\"og:title\" content=\"Investors - International Hotel For Sale\" \/>\n<meta property=\"og:description\" content=\"We present meticulously curated properties that represent the pinnacle of international hotel opportunities\" \/>\n<meta property=\"og:url\" content=\"https:\/\/www.hotelforsale.me\/es\/inversores\/\" \/>\n<meta property=\"og:site_name\" content=\"International Hotel For Sale\" \/>\n<meta property=\"article:modified_time\" content=\"2024-01-12T11:14:36+00:00\" \/>\n<meta property=\"og:image\" content=\"https:\/\/www.hotelforsale.me\/wp-content\/uploads\/2024\/01\/Logo_IHS.png\" \/>\n\t<meta property=\"og:image:width\" content=\"512\" \/>\n\t<meta property=\"og:image:height\" content=\"512\" \/>\n\t<meta property=\"og:image:type\" content=\"image\/png\" \/>\n<meta name=\"twitter:card\" content=\"summary_large_image\" \/>\n<script type=\"application\/ld+json\" class=\"yoast-schema-graph\">{\"@context\":\"https:\/\/schema.org\",\"@graph\":[{\"@type\":\"WebPage\",\"@id\":\"https:\/\/www.hotelforsale.me\/investors\/\",\"url\":\"https:\/\/www.hotelforsale.me\/investors\/\",\"name\":\"Investors - International Hotel For Sale\",\"isPartOf\":{\"@id\":\"https:\/\/www.hotelforsale.me\/#website\"},\"datePublished\":\"2023-12-21T08:09:50+00:00\",\"dateModified\":\"2024-01-12T11:14:36+00:00\",\"description\":\"We present meticulously curated properties that represent the pinnacle of international hotel opportunities\",\"breadcrumb\":{\"@id\":\"https:\/\/www.hotelforsale.me\/investors\/#breadcrumb\"},\"inLanguage\":\"es\",\"potentialAction\":[{\"@type\":\"ReadAction\",\"target\":[\"https:\/\/www.hotelforsale.me\/investors\/\"]}]},{\"@type\":\"BreadcrumbList\",\"@id\":\"https:\/\/www.hotelforsale.me\/investors\/#breadcrumb\",\"itemListElement\":[{\"@type\":\"ListItem\",\"position\":1,\"name\":\"Inicio\",\"item\":\"https:\/\/www.hotelforsale.me\/\"},{\"@type\":\"ListItem\",\"position\":2,\"name\":\"Investors\"}]},{\"@type\":\"WebSite\",\"@id\":\"https:\/\/www.hotelforsale.me\/#website\",\"url\":\"https:\/\/www.hotelforsale.me\/\",\"name\":\"Hotel For Sale\",\"description\":\"The best International Hotels Marketplace\",\"publisher\":{\"@id\":\"https:\/\/www.hotelforsale.me\/#organization\"},\"potentialAction\":[{\"@type\":\"SearchAction\",\"target\":{\"@type\":\"EntryPoint\",\"urlTemplate\":\"https:\/\/www.hotelforsale.me\/?s={search_term_string}\"},\"query-input\":{\"@type\":\"PropertyValueSpecification\",\"valueRequired\":true,\"valueName\":\"search_term_string\"}}],\"inLanguage\":\"es\"},{\"@type\":\"Organization\",\"@id\":\"https:\/\/www.hotelforsale.me\/#organization\",\"name\":\"Hotel For Sale\",\"url\":\"https:\/\/www.hotelforsale.me\/\",\"logo\":{\"@type\":\"ImageObject\",\"inLanguage\":\"es\",\"@id\":\"https:\/\/www.hotelforsale.me\/#\/schema\/logo\/image\/\",\"url\":\"https:\/\/www.hotelforsale.me\/wp-content\/uploads\/2024\/01\/Logo_IHS.png\",\"contentUrl\":\"https:\/\/www.hotelforsale.me\/wp-content\/uploads\/2024\/01\/Logo_IHS.png\",\"width\":512,\"height\":512,\"caption\":\"Hotel For Sale\"},\"image\":{\"@id\":\"https:\/\/www.hotelforsale.me\/#\/schema\/logo\/image\/\"}}]}<\/script>\n<!-- \/ Yoast SEO plugin. -->","yoast_head_json":{"title":"Inversores - Internacional Hotel For Sale","description":"Presentamos propiedades meticulosamente seleccionadas que representan el pin\u00e1culo de las oportunidades hoteleras internacionales.","robots":{"index":"index","follow":"follow","max-snippet":"max-snippet:-1","max-image-preview":"max-image-preview:large","max-video-preview":"max-video-preview:-1"},"canonical":"https:\/\/www.hotelforsale.me\/es\/inversores\/","og_locale":"es_ES","og_type":"article","og_title":"Investors - International Hotel For Sale","og_description":"We present meticulously curated properties that represent the pinnacle of international hotel opportunities","og_url":"https:\/\/www.hotelforsale.me\/es\/inversores\/","og_site_name":"International Hotel For Sale","article_modified_time":"2024-01-12T11:14:36+00:00","og_image":[{"width":512,"height":512,"url":"https:\/\/www.hotelforsale.me\/wp-content\/uploads\/2024\/01\/Logo_IHS.png","type":"image\/png"}],"twitter_card":"summary_large_image","schema":{"@context":"https:\/\/schema.org","@graph":[{"@type":"WebPage","@id":"https:\/\/www.hotelforsale.me\/investors\/","url":"https:\/\/www.hotelforsale.me\/investors\/","name":"Inversores - Internacional Hotel For Sale","isPartOf":{"@id":"https:\/\/www.hotelforsale.me\/#website"},"datePublished":"2023-12-21T08:09:50+00:00","dateModified":"2024-01-12T11:14:36+00:00","description":"Presentamos propiedades meticulosamente seleccionadas que representan el pin\u00e1culo de las oportunidades hoteleras internacionales.","breadcrumb":{"@id":"https:\/\/www.hotelforsale.me\/investors\/#breadcrumb"},"inLanguage":"es","potentialAction":[{"@type":"ReadAction","target":["https:\/\/www.hotelforsale.me\/investors\/"]}]},{"@type":"BreadcrumbList","@id":"https:\/\/www.hotelforsale.me\/investors\/#breadcrumb","itemListElement":[{"@type":"ListItem","position":1,"name":"Inicio","item":"https:\/\/www.hotelforsale.me\/"},{"@type":"ListItem","position":2,"name":"Investors"}]},{"@type":"WebSite","@id":"https:\/\/www.hotelforsale.me\/#website","url":"https:\/\/www.hotelforsale.me\/","name":"Hotel For Sale","description":"El mejor Marketplace Internacional de Hoteles","publisher":{"@id":"https:\/\/www.hotelforsale.me\/#organization"},"potentialAction":[{"@type":"SearchAction","target":{"@type":"EntryPoint","urlTemplate":"https:\/\/www.hotelforsale.me\/?s={search_term_string}"},"query-input":{"@type":"PropertyValueSpecification","valueRequired":true,"valueName":"search_term_string"}}],"inLanguage":"es"},{"@type":"Organization","@id":"https:\/\/www.hotelforsale.me\/#organization","name":"Hotel For Sale","url":"https:\/\/www.hotelforsale.me\/","logo":{"@type":"ImageObject","inLanguage":"es","@id":"https:\/\/www.hotelforsale.me\/#\/schema\/logo\/image\/","url":"https:\/\/www.hotelforsale.me\/wp-content\/uploads\/2024\/01\/Logo_IHS.png","contentUrl":"https:\/\/www.hotelforsale.me\/wp-content\/uploads\/2024\/01\/Logo_IHS.png","width":512,"height":512,"caption":"Hotel For Sale"},"image":{"@id":"https:\/\/www.hotelforsale.me\/#\/schema\/logo\/image\/"}}]}},"_links":{"self":[{"href":"https:\/\/www.hotelforsale.me\/es\/wp-json\/wp\/v2\/pages\/530","targetHints":{"allow":["GET"]}}],"collection":[{"href":"https:\/\/www.hotelforsale.me\/es\/wp-json\/wp\/v2\/pages"}],"about":[{"href":"https:\/\/www.hotelforsale.me\/es\/wp-json\/wp\/v2\/types\/page"}],"author":[{"embeddable":true,"href":"https:\/\/www.hotelforsale.me\/es\/wp-json\/wp\/v2\/users\/1"}],"replies":[{"embeddable":true,"href":"https:\/\/www.hotelforsale.me\/es\/wp-json\/wp\/v2\/comments?post=530"}],"version-history":[{"count":16,"href":"https:\/\/www.hotelforsale.me\/es\/wp-json\/wp\/v2\/pages\/530\/revisions"}],"predecessor-version":[{"id":715,"href":"https:\/\/www.hotelforsale.me\/es\/wp-json\/wp\/v2\/pages\/530\/revisions\/715"}],"wp:attachment":[{"href":"https:\/\/www.hotelforsale.me\/es\/wp-json\/wp\/v2\/media?parent=530"}],"curies":[{"name":"wp","href":"https:\/\/api.w.org\/{rel}","templated":true}]}}