{"id":536,"date":"2023-12-21T09:14:32","date_gmt":"2023-12-21T08:14:32","guid":{"rendered":"https:\/\/www.hotelforsale.me\/?page_id=536"},"modified":"2024-01-12T12:15:10","modified_gmt":"2024-01-12T11:15:10","slug":"propietarios","status":"publish","type":"page","link":"https:\/\/www.hotelforsale.me\/es\/propietarios\/","title":{"rendered":"Propietarios"},"content":{"rendered":"<div data-elementor-type=\"wp-page\" data-elementor-id=\"536\" class=\"elementor elementor-536\" data-elementor-post-type=\"page\">\n\t\t\t\t\t\t<section class=\"elementor-section elementor-top-section elementor-element elementor-element-faef932 elementor-section-boxed elementor-section-height-default elementor-section-height-default\" data-id=\"faef932\" data-element_type=\"section\" data-settings=\"{&quot;background_background&quot;:&quot;classic&quot;}\">\n\t\t\t\t\t\t\t<div class=\"elementor-background-overlay\"><\/div>\n\t\t\t\t\t\t\t<div class=\"elementor-container elementor-column-gap-default\">\n\t\t\t\t\t<div class=\"elementor-column elementor-col-100 elementor-top-column elementor-element elementor-element-741dd6ad sombreado\" data-id=\"741dd6ad\" data-element_type=\"column\">\n\t\t\t<div class=\"elementor-widget-wrap elementor-element-populated\">\n\t\t\t\t\t\t<div class=\"elementor-element elementor-element-76a31f79 elementor-widget elementor-widget-heading\" data-id=\"76a31f79\" data-element_type=\"widget\" data-widget_type=\"heading.default\">\n\t\t\t\t<div class=\"elementor-widget-container\">\n\t\t\t\t\t<h1 class=\"elementor-heading-title elementor-size-default\">Propietarios<\/h1>\t\t\t\t<\/div>\n\t\t\t\t<\/div>\n\t\t\t\t<div class=\"elementor-element elementor-element-7953453d elementor-widget elementor-widget-text-editor\" data-id=\"7953453d\" data-element_type=\"widget\" data-widget_type=\"text-editor.default\">\n\t\t\t\t<div class=\"elementor-widget-container\">\n\t\t\t\t\t\t\t\t\t<p>En el din\u00e1mico mundo hotelero actual, ser propietario es algo m\u00e1s que poseer una propiedad: se trata de maximizar su potencial, garantizar su longevidad y elevar su estatus en el escenario global. Comprender esta intrincada danza de negocios y visi\u00f3n es donde sobresale \u201cHotel For Sale\u201d.<\/p>\t\t\t\t\t\t\t\t<\/div>\n\t\t\t\t<\/div>\n\t\t\t\t\t<\/div>\n\t\t<\/div>\n\t\t\t\t\t<\/div>\n\t\t<\/section>\n\t\t\t\t<section class=\"elementor-section elementor-top-section elementor-element elementor-element-51924415 elementor-section-boxed elementor-section-height-default elementor-section-height-default\" data-id=\"51924415\" data-element_type=\"section\" data-settings=\"{&quot;background_background&quot;:&quot;classic&quot;}\">\n\t\t\t\t\t\t<div class=\"elementor-container elementor-column-gap-default\">\n\t\t\t\t\t<div class=\"elementor-column elementor-col-100 elementor-top-column elementor-element elementor-element-2cef07e6\" data-id=\"2cef07e6\" data-element_type=\"column\">\n\t\t\t<div class=\"elementor-widget-wrap elementor-element-populated\">\n\t\t\t\t\t\t<div class=\"elementor-element elementor-element-36dfc22e elementor-widget elementor-widget-heading\" data-id=\"36dfc22e\" data-element_type=\"widget\" data-widget_type=\"heading.default\">\n\t\t\t\t<div class=\"elementor-widget-container\">\n\t\t\t\t\t<h2 class=\"elementor-heading-title elementor-size-default\">Potenciando la propiedad hotelera: su propiedad, nuestra experiencia<\/h2>\t\t\t\t<\/div>\n\t\t\t\t<\/div>\n\t\t\t\t<div class=\"elementor-element elementor-element-2acd1dc2 elementor-widget elementor-widget-text-editor\" data-id=\"2acd1dc2\" data-element_type=\"widget\" data-widget_type=\"text-editor.default\">\n\t\t\t\t<div class=\"elementor-widget-container\">\n\t\t\t\t\t\t\t\t\t<p>Para los propietarios repartidos por todos los rincones del mundo, nuestra plataforma sirve como algo m\u00e1s que un simple punto de contacto digital. Es una puerta de entrada a un mundo lleno de posibilidades. Somos plenamente conscientes de que cada propiedad, ya sea un hotel boutique en un para\u00edso apartado o un gran resort en una ciudad bulliciosa, tiene su propia narrativa, aspiraciones y desaf\u00edos. Nuestra misi\u00f3n es aumentar esa narrativa, alimentar esas aspiraciones y transformar los desaf\u00edos en pelda\u00f1os.<\/p><p>Al conectar a los propietarios con nuestra amplia red internacional de inversores experimentados y especialistas en gesti\u00f3n hotelera de primer nivel, nos aseguramos de que su propiedad no s\u00f3lo sea vista, sino realmente reconocida por su potencial. Nuestra red est\u00e1 compuesta por personas y entidades que no solo aportan capital sino que tambi\u00e9n cuentan con conocimientos, experiencia y una pasi\u00f3n genuina por transformar espacios en establecimientos de clase mundial.<\/p><p>Sin embargo, nuestro compromiso no termina en las conexiones. Con &quot;Hotel For Sale&quot;, obtiene acceso a un conjunto de servicios dise\u00f1ados para mejorar cada aspecto de su establecimiento. Desde estrategias de marketing modernas y mejores pr\u00e1cticas operativas hasta navegar por el laberinto de las tendencias hoteleras globales, nuestros expertos est\u00e1n a su lado, gui\u00e1ndole en cada paso y decisi\u00f3n.<\/p><p>En pocas palabras, creemos en el empoderamiento. Empoderamiento que va m\u00e1s all\u00e1 de las meras transacciones y entra en el \u00e1mbito del crecimiento hol\u00edstico y el reconocimiento global. Entonces, ya sea que sea propietario de una propiedad por primera vez o un jugador experimentado en el juego de la hospitalidad, deje que &quot;Hotel For Sale&quot; sea el viento bajo las alas de su establecimiento, impuls\u00e1ndolo al escenario mundial al que realmente pertenece.<\/p>\t\t\t\t\t\t\t\t<\/div>\n\t\t\t\t<\/div>\n\t\t\t\t\t<\/div>\n\t\t<\/div>\n\t\t\t\t\t<\/div>\n\t\t<\/section>\n\t\t\t\t<\/div>","protected":false},"excerpt":{"rendered":"<p>Propietarios En el din\u00e1mico mundo hotelero actual, ser propietario es algo m\u00e1s que poseer una propiedad: se trata de maximizar su potencial, garantizar su longevidad y elevar su estatus en el escenario global. Comprender esta intrincada danza de negocios y visi\u00f3n es donde sobresale \u201cHotel For Sale\u201d. Potenciar la propiedad hotelera: su propiedad, nuestra experiencia Para propietarios [\u2026]<\/p>","protected":false},"author":1,"featured_media":0,"parent":0,"menu_order":6,"comment_status":"closed","ping_status":"closed","template":"","meta":{"site-sidebar-layout":"no-sidebar","site-content-layout":"page-builder","ast-site-content-layout":"full-width-container","site-content-style":"default","site-sidebar-style":"default","ast-global-header-display":"","ast-banner-title-visibility":"","ast-main-header-display":"","ast-hfb-above-header-display":"","ast-hfb-below-header-display":"","ast-hfb-mobile-header-display":"","site-post-title":"disabled","ast-breadcrumbs-content":"","ast-featured-img":"disabled","footer-sml-layout":"","theme-transparent-header-meta":"enabled","adv-header-id-meta":"","stick-header-meta":"default","header-above-stick-meta":"","header-main-stick-meta":"","header-below-stick-meta":"","astra-migrate-meta-layouts":"set","ast-page-background-enabled":"default","ast-page-background-meta":{"desktop":{"background-color":"","background-image":"","background-repeat":"repeat","background-position":"center center","background-size":"auto","background-attachment":"scroll","background-type":"","background-media":"","overlay-type":"","overlay-color":"","overlay-opacity":"","overlay-gradient":""},"tablet":{"background-color":"","background-image":"","background-repeat":"repeat","background-position":"center center","background-size":"auto","background-attachment":"scroll","background-type":"","background-media":"","overlay-type":"","overlay-color":"","overlay-opacity":"","overlay-gradient":""},"mobile":{"background-color":"","background-image":"","background-repeat":"repeat","background-position":"center center","background-size":"auto","background-attachment":"scroll","background-type":"","background-media":"","overlay-type":"","overlay-color":"","overlay-opacity":"","overlay-gradient":""}},"ast-content-background-meta":{"desktop":{"background-color":"var(--ast-global-color-5)","background-image":"","background-repeat":"repeat","background-position":"center center","background-size":"auto","background-attachment":"scroll","background-type":"","background-media":"","overlay-type":"","overlay-color":"","overlay-opacity":"","overlay-gradient":""},"tablet":{"background-color":"var(--ast-global-color-5)","background-image":"","background-repeat":"repeat","background-position":"center center","background-size":"auto","background-attachment":"scroll","background-type":"","background-media":"","overlay-type":"","overlay-color":"","overlay-opacity":"","overlay-gradient":""},"mobile":{"background-color":"var(--ast-global-color-5)","background-image":"","background-repeat":"repeat","background-position":"center center","background-size":"auto","background-attachment":"scroll","background-type":"","background-media":"","overlay-type":"","overlay-color":"","overlay-opacity":"","overlay-gradient":""}},"footnotes":""},"class_list":["post-536","page","type-page","status-publish","hentry"],"yoast_head":"<!-- This site is optimized with the Yoast SEO plugin v26.0 - https:\/\/yoast.com\/wordpress\/plugins\/seo\/ -->\n<title>Owners - International Hotel For Sale<\/title>\n<meta name=\"description\" content=\"With \u201cHotel For Sale,\u201d you gain access to a suite of services tailored to elevate every aspect of your establishment\" \/>\n<meta name=\"robots\" content=\"index, follow, max-snippet:-1, max-image-preview:large, max-video-preview:-1\" \/>\n<link rel=\"canonical\" href=\"https:\/\/www.hotelforsale.me\/es\/propietarios\/\" \/>\n<meta property=\"og:locale\" content=\"es_ES\" \/>\n<meta property=\"og:type\" content=\"article\" \/>\n<meta property=\"og:title\" content=\"Owners - International Hotel For Sale\" \/>\n<meta property=\"og:description\" content=\"With \u201cHotel For Sale,\u201d you gain access to a suite of services tailored to elevate every aspect of your establishment\" \/>\n<meta property=\"og:url\" content=\"https:\/\/www.hotelforsale.me\/es\/propietarios\/\" \/>\n<meta property=\"og:site_name\" content=\"International Hotel For Sale\" \/>\n<meta property=\"article:modified_time\" content=\"2024-01-12T11:15:10+00:00\" \/>\n<meta property=\"og:image\" content=\"https:\/\/www.hotelforsale.me\/wp-content\/uploads\/2024\/01\/Logo_IHS.png\" \/>\n\t<meta property=\"og:image:width\" content=\"512\" \/>\n\t<meta property=\"og:image:height\" content=\"512\" \/>\n\t<meta property=\"og:image:type\" content=\"image\/png\" \/>\n<meta name=\"twitter:card\" content=\"summary_large_image\" \/>\n<script type=\"application\/ld+json\" class=\"yoast-schema-graph\">{\"@context\":\"https:\/\/schema.org\",\"@graph\":[{\"@type\":\"WebPage\",\"@id\":\"https:\/\/www.hotelforsale.me\/owners\/\",\"url\":\"https:\/\/www.hotelforsale.me\/owners\/\",\"name\":\"Owners - International Hotel For Sale\",\"isPartOf\":{\"@id\":\"https:\/\/www.hotelforsale.me\/#website\"},\"datePublished\":\"2023-12-21T08:14:32+00:00\",\"dateModified\":\"2024-01-12T11:15:10+00:00\",\"description\":\"With \u201cHotel For Sale,\u201d you gain access to a suite of services tailored to elevate every aspect of your establishment\",\"breadcrumb\":{\"@id\":\"https:\/\/www.hotelforsale.me\/owners\/#breadcrumb\"},\"inLanguage\":\"es\",\"potentialAction\":[{\"@type\":\"ReadAction\",\"target\":[\"https:\/\/www.hotelforsale.me\/owners\/\"]}]},{\"@type\":\"BreadcrumbList\",\"@id\":\"https:\/\/www.hotelforsale.me\/owners\/#breadcrumb\",\"itemListElement\":[{\"@type\":\"ListItem\",\"position\":1,\"name\":\"Inicio\",\"item\":\"https:\/\/www.hotelforsale.me\/\"},{\"@type\":\"ListItem\",\"position\":2,\"name\":\"Owners\"}]},{\"@type\":\"WebSite\",\"@id\":\"https:\/\/www.hotelforsale.me\/#website\",\"url\":\"https:\/\/www.hotelforsale.me\/\",\"name\":\"Hotel For Sale\",\"description\":\"The best International Hotels Marketplace\",\"publisher\":{\"@id\":\"https:\/\/www.hotelforsale.me\/#organization\"},\"potentialAction\":[{\"@type\":\"SearchAction\",\"target\":{\"@type\":\"EntryPoint\",\"urlTemplate\":\"https:\/\/www.hotelforsale.me\/?s={search_term_string}\"},\"query-input\":{\"@type\":\"PropertyValueSpecification\",\"valueRequired\":true,\"valueName\":\"search_term_string\"}}],\"inLanguage\":\"es\"},{\"@type\":\"Organization\",\"@id\":\"https:\/\/www.hotelforsale.me\/#organization\",\"name\":\"Hotel For Sale\",\"url\":\"https:\/\/www.hotelforsale.me\/\",\"logo\":{\"@type\":\"ImageObject\",\"inLanguage\":\"es\",\"@id\":\"https:\/\/www.hotelforsale.me\/#\/schema\/logo\/image\/\",\"url\":\"https:\/\/www.hotelforsale.me\/wp-content\/uploads\/2024\/01\/Logo_IHS.png\",\"contentUrl\":\"https:\/\/www.hotelforsale.me\/wp-content\/uploads\/2024\/01\/Logo_IHS.png\",\"width\":512,\"height\":512,\"caption\":\"Hotel For Sale\"},\"image\":{\"@id\":\"https:\/\/www.hotelforsale.me\/#\/schema\/logo\/image\/\"}}]}<\/script>\n<!-- \/ Yoast SEO plugin. -->","yoast_head_json":{"title":"Propietarios - Internacional Hotel For Sale","description":"Con &quot;Hotel For Sale&quot;, obtiene acceso a un conjunto de servicios dise\u00f1ados para mejorar cada aspecto de su establecimiento.","robots":{"index":"index","follow":"follow","max-snippet":"max-snippet:-1","max-image-preview":"max-image-preview:large","max-video-preview":"max-video-preview:-1"},"canonical":"https:\/\/www.hotelforsale.me\/es\/propietarios\/","og_locale":"es_ES","og_type":"article","og_title":"Owners - International Hotel For Sale","og_description":"With \u201cHotel For Sale,\u201d you gain access to a suite of services tailored to elevate every aspect of your establishment","og_url":"https:\/\/www.hotelforsale.me\/es\/propietarios\/","og_site_name":"International Hotel For Sale","article_modified_time":"2024-01-12T11:15:10+00:00","og_image":[{"width":512,"height":512,"url":"https:\/\/www.hotelforsale.me\/wp-content\/uploads\/2024\/01\/Logo_IHS.png","type":"image\/png"}],"twitter_card":"summary_large_image","schema":{"@context":"https:\/\/schema.org","@graph":[{"@type":"WebPage","@id":"https:\/\/www.hotelforsale.me\/owners\/","url":"https:\/\/www.hotelforsale.me\/owners\/","name":"Propietarios - Internacional Hotel For Sale","isPartOf":{"@id":"https:\/\/www.hotelforsale.me\/#website"},"datePublished":"2023-12-21T08:14:32+00:00","dateModified":"2024-01-12T11:15:10+00:00","description":"Con &quot;Hotel For Sale&quot;, obtiene acceso a un conjunto de servicios dise\u00f1ados para mejorar cada aspecto de su establecimiento.","breadcrumb":{"@id":"https:\/\/www.hotelforsale.me\/owners\/#breadcrumb"},"inLanguage":"es","potentialAction":[{"@type":"ReadAction","target":["https:\/\/www.hotelforsale.me\/owners\/"]}]},{"@type":"BreadcrumbList","@id":"https:\/\/www.hotelforsale.me\/owners\/#breadcrumb","itemListElement":[{"@type":"ListItem","position":1,"name":"Inicio","item":"https:\/\/www.hotelforsale.me\/"},{"@type":"ListItem","position":2,"name":"Owners"}]},{"@type":"WebSite","@id":"https:\/\/www.hotelforsale.me\/#website","url":"https:\/\/www.hotelforsale.me\/","name":"Hotel For Sale","description":"El mejor Marketplace Internacional de Hoteles","publisher":{"@id":"https:\/\/www.hotelforsale.me\/#organization"},"potentialAction":[{"@type":"SearchAction","target":{"@type":"EntryPoint","urlTemplate":"https:\/\/www.hotelforsale.me\/?s={search_term_string}"},"query-input":{"@type":"PropertyValueSpecification","valueRequired":true,"valueName":"search_term_string"}}],"inLanguage":"es"},{"@type":"Organization","@id":"https:\/\/www.hotelforsale.me\/#organization","name":"Hotel For Sale","url":"https:\/\/www.hotelforsale.me\/","logo":{"@type":"ImageObject","inLanguage":"es","@id":"https:\/\/www.hotelforsale.me\/#\/schema\/logo\/image\/","url":"https:\/\/www.hotelforsale.me\/wp-content\/uploads\/2024\/01\/Logo_IHS.png","contentUrl":"https:\/\/www.hotelforsale.me\/wp-content\/uploads\/2024\/01\/Logo_IHS.png","width":512,"height":512,"caption":"Hotel For Sale"},"image":{"@id":"https:\/\/www.hotelforsale.me\/#\/schema\/logo\/image\/"}}]}},"_links":{"self":[{"href":"https:\/\/www.hotelforsale.me\/es\/wp-json\/wp\/v2\/pages\/536","targetHints":{"allow":["GET"]}}],"collection":[{"href":"https:\/\/www.hotelforsale.me\/es\/wp-json\/wp\/v2\/pages"}],"about":[{"href":"https:\/\/www.hotelforsale.me\/es\/wp-json\/wp\/v2\/types\/page"}],"author":[{"embeddable":true,"href":"https:\/\/www.hotelforsale.me\/es\/wp-json\/wp\/v2\/users\/1"}],"replies":[{"embeddable":true,"href":"https:\/\/www.hotelforsale.me\/es\/wp-json\/wp\/v2\/comments?post=536"}],"version-history":[{"count":13,"href":"https:\/\/www.hotelforsale.me\/es\/wp-json\/wp\/v2\/pages\/536\/revisions"}],"predecessor-version":[{"id":718,"href":"https:\/\/www.hotelforsale.me\/es\/wp-json\/wp\/v2\/pages\/536\/revisions\/718"}],"wp:attachment":[{"href":"https:\/\/www.hotelforsale.me\/es\/wp-json\/wp\/v2\/media?parent=536"}],"curies":[{"name":"wp","href":"https:\/\/api.w.org\/{rel}","templated":true}]}}