{"id":546,"date":"2023-12-21T09:18:44","date_gmt":"2023-12-21T08:18:44","guid":{"rendered":"https:\/\/www.hotelforsale.me\/?page_id=546"},"modified":"2024-01-12T12:15:59","modified_gmt":"2024-01-12T11:15:59","slug":"trabaja-con-nosotros","status":"publish","type":"page","link":"https:\/\/www.hotelforsale.me\/es\/trabaja-con-nosotros\/","title":{"rendered":"Trabaja con nosotros"},"content":{"rendered":"<div data-elementor-type=\"wp-page\" data-elementor-id=\"546\" class=\"elementor elementor-546\" data-elementor-post-type=\"page\">\n\t\t\t\t\t\t<section class=\"elementor-section elementor-top-section elementor-element elementor-element-7c9e078b elementor-section-boxed elementor-section-height-default elementor-section-height-default\" data-id=\"7c9e078b\" data-element_type=\"section\" data-settings=\"{&quot;background_background&quot;:&quot;classic&quot;}\">\n\t\t\t\t\t\t\t<div class=\"elementor-background-overlay\"><\/div>\n\t\t\t\t\t\t\t<div class=\"elementor-container elementor-column-gap-default\">\n\t\t\t\t\t<div class=\"elementor-column elementor-col-100 elementor-top-column elementor-element elementor-element-46d547c2 sombreado\" data-id=\"46d547c2\" data-element_type=\"column\">\n\t\t\t<div class=\"elementor-widget-wrap elementor-element-populated\">\n\t\t\t\t\t\t<div class=\"elementor-element elementor-element-bf4d708 elementor-widget elementor-widget-heading\" data-id=\"bf4d708\" data-element_type=\"widget\" data-widget_type=\"heading.default\">\n\t\t\t\t<div class=\"elementor-widget-container\">\n\t\t\t\t\t<h1 class=\"elementor-heading-title elementor-size-default\">Socios<\/h1>\t\t\t\t<\/div>\n\t\t\t\t<\/div>\n\t\t\t\t<div class=\"elementor-element elementor-element-7d5663d elementor-widget elementor-widget-text-editor\" data-id=\"7d5663d\" data-element_type=\"widget\" data-widget_type=\"text-editor.default\">\n\t\t\t\t<div class=\"elementor-widget-container\">\n\t\t\t\t\t\t\t\t\t<p>En el intrincado ballet de la industria hotelera, la brillantez individual brilla, pero la sinergia colectiva ilumina todo el escenario. En \u201cHotel For Sale\u201d, resonamos profundamente con este sentimiento, entendiendo que si bien nuestra visi\u00f3n es vasta y ambiciosa, su realizaci\u00f3n alcanza alturas cenitales cuando se complementa con asociaciones estrat\u00e9gicas.<\/p>\t\t\t\t\t\t\t\t<\/div>\n\t\t\t\t<\/div>\n\t\t\t\t\t<\/div>\n\t\t<\/div>\n\t\t\t\t\t<\/div>\n\t\t<\/section>\n\t\t\t\t<section class=\"elementor-section elementor-top-section elementor-element elementor-element-7439906e elementor-section-boxed elementor-section-height-default elementor-section-height-default\" data-id=\"7439906e\" data-element_type=\"section\" data-settings=\"{&quot;background_background&quot;:&quot;classic&quot;}\">\n\t\t\t\t\t\t<div class=\"elementor-container elementor-column-gap-default\">\n\t\t\t\t\t<div class=\"elementor-column elementor-col-100 elementor-top-column elementor-element elementor-element-7aaa257f\" data-id=\"7aaa257f\" data-element_type=\"column\">\n\t\t\t<div class=\"elementor-widget-wrap elementor-element-populated\">\n\t\t\t\t\t\t<div class=\"elementor-element elementor-element-186cc88a elementor-widget elementor-widget-heading\" data-id=\"186cc88a\" data-element_type=\"widget\" data-widget_type=\"heading.default\">\n\t\t\t\t<div class=\"elementor-widget-container\">\n\t\t\t\t\t<h2 class=\"elementor-heading-title elementor-size-default\">Armonizando la brillantez: destreza de asociaci\u00f3n con Hotel For Sale<\/h2>\t\t\t\t<\/div>\n\t\t\t\t<\/div>\n\t\t\t\t<div class=\"elementor-element elementor-element-2c87096f elementor-widget elementor-widget-text-editor\" data-id=\"2c87096f\" data-element_type=\"widget\" data-widget_type=\"text-editor.default\">\n\t\t\t\t<div class=\"elementor-widget-container\">\n\t\t\t\t\t\t\t\t\t<p>Nuestro viaje en el \u00e1mbito hotelero global no es un esfuerzo solitario. Lo vemos como una colaboraci\u00f3n armoniosa, donde diversas fortalezas, conocimientos y experiencia se fusionan para crear un tapiz de excelencia inigualable. Al elegir aliarse con nosotros como socio, no s\u00f3lo se est\u00e1 embarcando en una nueva empresa comercial; est\u00e1 ingresando a un ecosistema repleto de innovaci\u00f3n, oportunidades y una pasi\u00f3n compartida por redefinir los est\u00e1ndares de la industria.<\/p><p>La verdadera fortaleza de \u201cHotel For Sale\u201d radica en su red internacional: un centro vibrante de profesionales, emprendedores, innovadores y visionarios. Cada socio agrega una capa \u00fanica a nuestro conocimiento colectivo, infundiendo nuevas perspectivas, metodolog\u00edas innovadoras y un rico tapiz de experiencias. Como socio, usted obtiene acceso a esta valiosa reserva, lo que garantiza que cada esfuerzo que emprenda est\u00e9 respaldado por un consorcio global de experiencia.<\/p><p>Pero nuestras asociaciones van m\u00e1s all\u00e1 de lo convencional. No se trata s\u00f3lo de m\u00e9tricas comerciales y rentabilidad (aunque son esenciales); se trata de construir relaciones duraderas basadas en el respeto mutuo, objetivos compartidos y una b\u00fasqueda incesante de la excelencia. Colaboramos, innovamos y crecemos juntos, asegurando que cada hito alcanzado sea un testimonio de nuestros esfuerzos combinados.<\/p><p>En esencia, unirse a &quot;Hotel For Sale&quot; como socio es m\u00e1s que una decisi\u00f3n estrat\u00e9gica: es un compromiso con la excelencia, el crecimiento y una visi\u00f3n compartida de un futuro donde la hoteler\u00eda no conoce l\u00edmites y las oportunidades son tan amplias como el horizonte. Juntos, no s\u00f3lo pretendemos mejorar la industria; aspiramos a establecer nuevos puntos de referencia para ello.<\/p>\t\t\t\t\t\t\t\t<\/div>\n\t\t\t\t<\/div>\n\t\t\t\t\t<\/div>\n\t\t<\/div>\n\t\t\t\t\t<\/div>\n\t\t<\/section>\n\t\t\t\t<\/div>","protected":false},"excerpt":{"rendered":"<p>Socios En el intrincado ballet de la industria hotelera, la brillantez individual brilla, pero la sinergia colectiva ilumina todo el escenario. En \u201cHotel For Sale\u201d, resonamos profundamente con este sentimiento, entendiendo que si bien nuestra visi\u00f3n es vasta y ambiciosa, su realizaci\u00f3n alcanza alturas cenitales cuando se complementa con asociaciones estrat\u00e9gicas. Armonizando la brillantez: destreza de asociaci\u00f3n con el hotel [\u2026]<\/p>","protected":false},"author":1,"featured_media":0,"parent":0,"menu_order":8,"comment_status":"closed","ping_status":"closed","template":"","meta":{"site-sidebar-layout":"no-sidebar","site-content-layout":"page-builder","ast-site-content-layout":"full-width-container","site-content-style":"default","site-sidebar-style":"default","ast-global-header-display":"","ast-banner-title-visibility":"","ast-main-header-display":"","ast-hfb-above-header-display":"","ast-hfb-below-header-display":"","ast-hfb-mobile-header-display":"","site-post-title":"disabled","ast-breadcrumbs-content":"","ast-featured-img":"disabled","footer-sml-layout":"","theme-transparent-header-meta":"enabled","adv-header-id-meta":"","stick-header-meta":"default","header-above-stick-meta":"","header-main-stick-meta":"","header-below-stick-meta":"","astra-migrate-meta-layouts":"set","ast-page-background-enabled":"default","ast-page-background-meta":{"desktop":{"background-color":"","background-image":"","background-repeat":"repeat","background-position":"center center","background-size":"auto","background-attachment":"scroll","background-type":"","background-media":"","overlay-type":"","overlay-color":"","overlay-opacity":"","overlay-gradient":""},"tablet":{"background-color":"","background-image":"","background-repeat":"repeat","background-position":"center center","background-size":"auto","background-attachment":"scroll","background-type":"","background-media":"","overlay-type":"","overlay-color":"","overlay-opacity":"","overlay-gradient":""},"mobile":{"background-color":"","background-image":"","background-repeat":"repeat","background-position":"center center","background-size":"auto","background-attachment":"scroll","background-type":"","background-media":"","overlay-type":"","overlay-color":"","overlay-opacity":"","overlay-gradient":""}},"ast-content-background-meta":{"desktop":{"background-color":"var(--ast-global-color-5)","background-image":"","background-repeat":"repeat","background-position":"center center","background-size":"auto","background-attachment":"scroll","background-type":"","background-media":"","overlay-type":"","overlay-color":"","overlay-opacity":"","overlay-gradient":""},"tablet":{"background-color":"var(--ast-global-color-5)","background-image":"","background-repeat":"repeat","background-position":"center center","background-size":"auto","background-attachment":"scroll","background-type":"","background-media":"","overlay-type":"","overlay-color":"","overlay-opacity":"","overlay-gradient":""},"mobile":{"background-color":"var(--ast-global-color-5)","background-image":"","background-repeat":"repeat","background-position":"center center","background-size":"auto","background-attachment":"scroll","background-type":"","background-media":"","overlay-type":"","overlay-color":"","overlay-opacity":"","overlay-gradient":""}},"footnotes":""},"class_list":["post-546","page","type-page","status-publish","hentry"],"yoast_head":"<!-- This site is optimized with the Yoast SEO plugin v26.0 - https:\/\/yoast.com\/wordpress\/plugins\/seo\/ -->\n<title>Work With us - International Hotel For Sale<\/title>\n<meta name=\"description\" content=\"Partnership opportunities\" \/>\n<meta name=\"robots\" content=\"index, follow, max-snippet:-1, max-image-preview:large, max-video-preview:-1\" \/>\n<link rel=\"canonical\" href=\"https:\/\/www.hotelforsale.me\/es\/trabaja-con-nosotros\/\" \/>\n<meta property=\"og:locale\" content=\"es_ES\" \/>\n<meta property=\"og:type\" content=\"article\" \/>\n<meta property=\"og:title\" content=\"Work With us - International Hotel For Sale\" \/>\n<meta property=\"og:description\" content=\"Partnership opportunities\" \/>\n<meta property=\"og:url\" content=\"https:\/\/www.hotelforsale.me\/es\/trabaja-con-nosotros\/\" \/>\n<meta property=\"og:site_name\" content=\"International Hotel For Sale\" \/>\n<meta property=\"article:modified_time\" content=\"2024-01-12T11:15:59+00:00\" \/>\n<meta property=\"og:image\" content=\"https:\/\/www.hotelforsale.me\/wp-content\/uploads\/2024\/01\/Logo_IHS.png\" \/>\n\t<meta property=\"og:image:width\" content=\"512\" \/>\n\t<meta property=\"og:image:height\" content=\"512\" \/>\n\t<meta property=\"og:image:type\" content=\"image\/png\" \/>\n<meta name=\"twitter:card\" content=\"summary_large_image\" \/>\n<script type=\"application\/ld+json\" class=\"yoast-schema-graph\">{\"@context\":\"https:\/\/schema.org\",\"@graph\":[{\"@type\":\"WebPage\",\"@id\":\"https:\/\/www.hotelforsale.me\/work-with-us\/\",\"url\":\"https:\/\/www.hotelforsale.me\/work-with-us\/\",\"name\":\"Work With us - International Hotel For Sale\",\"isPartOf\":{\"@id\":\"https:\/\/www.hotelforsale.me\/#website\"},\"datePublished\":\"2023-12-21T08:18:44+00:00\",\"dateModified\":\"2024-01-12T11:15:59+00:00\",\"description\":\"Partnership opportunities\",\"breadcrumb\":{\"@id\":\"https:\/\/www.hotelforsale.me\/work-with-us\/#breadcrumb\"},\"inLanguage\":\"es\",\"potentialAction\":[{\"@type\":\"ReadAction\",\"target\":[\"https:\/\/www.hotelforsale.me\/work-with-us\/\"]}]},{\"@type\":\"BreadcrumbList\",\"@id\":\"https:\/\/www.hotelforsale.me\/work-with-us\/#breadcrumb\",\"itemListElement\":[{\"@type\":\"ListItem\",\"position\":1,\"name\":\"Inicio\",\"item\":\"https:\/\/www.hotelforsale.me\/\"},{\"@type\":\"ListItem\",\"position\":2,\"name\":\"Work With us\"}]},{\"@type\":\"WebSite\",\"@id\":\"https:\/\/www.hotelforsale.me\/#website\",\"url\":\"https:\/\/www.hotelforsale.me\/\",\"name\":\"Hotel For Sale\",\"description\":\"The best International Hotels Marketplace\",\"publisher\":{\"@id\":\"https:\/\/www.hotelforsale.me\/#organization\"},\"potentialAction\":[{\"@type\":\"SearchAction\",\"target\":{\"@type\":\"EntryPoint\",\"urlTemplate\":\"https:\/\/www.hotelforsale.me\/?s={search_term_string}\"},\"query-input\":{\"@type\":\"PropertyValueSpecification\",\"valueRequired\":true,\"valueName\":\"search_term_string\"}}],\"inLanguage\":\"es\"},{\"@type\":\"Organization\",\"@id\":\"https:\/\/www.hotelforsale.me\/#organization\",\"name\":\"Hotel For Sale\",\"url\":\"https:\/\/www.hotelforsale.me\/\",\"logo\":{\"@type\":\"ImageObject\",\"inLanguage\":\"es\",\"@id\":\"https:\/\/www.hotelforsale.me\/#\/schema\/logo\/image\/\",\"url\":\"https:\/\/www.hotelforsale.me\/wp-content\/uploads\/2024\/01\/Logo_IHS.png\",\"contentUrl\":\"https:\/\/www.hotelforsale.me\/wp-content\/uploads\/2024\/01\/Logo_IHS.png\",\"width\":512,\"height\":512,\"caption\":\"Hotel For Sale\"},\"image\":{\"@id\":\"https:\/\/www.hotelforsale.me\/#\/schema\/logo\/image\/\"}}]}<\/script>\n<!-- \/ Yoast SEO plugin. -->","yoast_head_json":{"title":"Trabaja con nosotros - Internacional Hotel For Sale","description":"Oportunidades de asociaci\u00f3n","robots":{"index":"index","follow":"follow","max-snippet":"max-snippet:-1","max-image-preview":"max-image-preview:large","max-video-preview":"max-video-preview:-1"},"canonical":"https:\/\/www.hotelforsale.me\/es\/trabaja-con-nosotros\/","og_locale":"es_ES","og_type":"article","og_title":"Work With us - International Hotel For Sale","og_description":"Partnership opportunities","og_url":"https:\/\/www.hotelforsale.me\/es\/trabaja-con-nosotros\/","og_site_name":"International Hotel For Sale","article_modified_time":"2024-01-12T11:15:59+00:00","og_image":[{"width":512,"height":512,"url":"https:\/\/www.hotelforsale.me\/wp-content\/uploads\/2024\/01\/Logo_IHS.png","type":"image\/png"}],"twitter_card":"summary_large_image","schema":{"@context":"https:\/\/schema.org","@graph":[{"@type":"WebPage","@id":"https:\/\/www.hotelforsale.me\/work-with-us\/","url":"https:\/\/www.hotelforsale.me\/work-with-us\/","name":"Trabaja con nosotros - Internacional Hotel For Sale","isPartOf":{"@id":"https:\/\/www.hotelforsale.me\/#website"},"datePublished":"2023-12-21T08:18:44+00:00","dateModified":"2024-01-12T11:15:59+00:00","description":"Oportunidades de asociaci\u00f3n","breadcrumb":{"@id":"https:\/\/www.hotelforsale.me\/work-with-us\/#breadcrumb"},"inLanguage":"es","potentialAction":[{"@type":"ReadAction","target":["https:\/\/www.hotelforsale.me\/work-with-us\/"]}]},{"@type":"BreadcrumbList","@id":"https:\/\/www.hotelforsale.me\/work-with-us\/#breadcrumb","itemListElement":[{"@type":"ListItem","position":1,"name":"Inicio","item":"https:\/\/www.hotelforsale.me\/"},{"@type":"ListItem","position":2,"name":"Work With us"}]},{"@type":"WebSite","@id":"https:\/\/www.hotelforsale.me\/#website","url":"https:\/\/www.hotelforsale.me\/","name":"Hotel For Sale","description":"El mejor Marketplace Internacional de Hoteles","publisher":{"@id":"https:\/\/www.hotelforsale.me\/#organization"},"potentialAction":[{"@type":"SearchAction","target":{"@type":"EntryPoint","urlTemplate":"https:\/\/www.hotelforsale.me\/?s={search_term_string}"},"query-input":{"@type":"PropertyValueSpecification","valueRequired":true,"valueName":"search_term_string"}}],"inLanguage":"es"},{"@type":"Organization","@id":"https:\/\/www.hotelforsale.me\/#organization","name":"Hotel For Sale","url":"https:\/\/www.hotelforsale.me\/","logo":{"@type":"ImageObject","inLanguage":"es","@id":"https:\/\/www.hotelforsale.me\/#\/schema\/logo\/image\/","url":"https:\/\/www.hotelforsale.me\/wp-content\/uploads\/2024\/01\/Logo_IHS.png","contentUrl":"https:\/\/www.hotelforsale.me\/wp-content\/uploads\/2024\/01\/Logo_IHS.png","width":512,"height":512,"caption":"Hotel For Sale"},"image":{"@id":"https:\/\/www.hotelforsale.me\/#\/schema\/logo\/image\/"}}]}},"_links":{"self":[{"href":"https:\/\/www.hotelforsale.me\/es\/wp-json\/wp\/v2\/pages\/546","targetHints":{"allow":["GET"]}}],"collection":[{"href":"https:\/\/www.hotelforsale.me\/es\/wp-json\/wp\/v2\/pages"}],"about":[{"href":"https:\/\/www.hotelforsale.me\/es\/wp-json\/wp\/v2\/types\/page"}],"author":[{"embeddable":true,"href":"https:\/\/www.hotelforsale.me\/es\/wp-json\/wp\/v2\/users\/1"}],"replies":[{"embeddable":true,"href":"https:\/\/www.hotelforsale.me\/es\/wp-json\/wp\/v2\/comments?post=546"}],"version-history":[{"count":10,"href":"https:\/\/www.hotelforsale.me\/es\/wp-json\/wp\/v2\/pages\/546\/revisions"}],"predecessor-version":[{"id":721,"href":"https:\/\/www.hotelforsale.me\/es\/wp-json\/wp\/v2\/pages\/546\/revisions\/721"}],"wp:attachment":[{"href":"https:\/\/www.hotelforsale.me\/es\/wp-json\/wp\/v2\/media?parent=546"}],"curies":[{"name":"wp","href":"https:\/\/api.w.org\/{rel}","templated":true}]}}