{"id":75,"date":"2023-03-01T13:36:51","date_gmt":"2023-03-01T12:36:51","guid":{"rendered":"https:\/\/www.hotelforsale.me\/?page_id=75"},"modified":"2023-03-24T10:54:20","modified_gmt":"2023-03-24T09:54:20","slug":"aviso-legal","status":"publish","type":"page","link":"https:\/\/www.hotelforsale.me\/es\/aviso-legal\/","title":{"rendered":"Aviso legal"},"content":{"rendered":"<h2>TITULARIDAD<\/h2>\n<p>En cumplimiento de las obligaciones establecidas en el art\u00edculo 10 de la Ley 34\/2002, de 11 de julio, de Servicios de la Sociedad de la Informaci\u00f3n y Comercio Electr\u00f3nico, se hace constar que esta p\u00e1gina corresponde a la entidad:<\/p>\n<p>Titular: HOLIDAY TRAVEL CHANNEL SL \u2013 B16614281<br \/>\nDomicilio: Conquistador, 2 bjs dch - Palma de Mallorca - 07001 Balears<br \/>\nTfno: +34 971 092 549<br \/>\nCorreo: info@hotelforsale.me<br \/>\nWeb: www.hotelforsale.me<br \/>\n<\/p>\n<p>Para cualquier consulta, puedes contactar con HOLIDAY TRAVEL CHANNEL SL en info@hotelforsale.me o en el tel\u00e9fono +34 971 092 549. Puedes dirigirte de cualquier forma para comunicarte con nosotros.<\/p>\n<h2>OBJETO Y AMBITO DE LA WEB<\/h2>\n<p>Las presentes Condiciones Generales de Contrataci\u00f3n y Utilizaci\u00f3n tienen por objeto regular la puesta a disposici\u00f3n de la informaci\u00f3n suministrada en la tienda online de HOLIDAY TRAVEL CHANNEL SL, as\u00ed como las transacciones comerciales que surjan entre HOLIDAY TRAVEL CHANNEL SL y los usuarios del dominio www.hotelforsale. .a m\u00ed. Tanto la navegaci\u00f3n por la tienda online como la adquisici\u00f3n de cualquiera de los productos ofertados en ella, suponen la aceptaci\u00f3n como usuario, sin reservas de ninguna clase, de todas y cada una de las presentes condiciones generales de contrataci\u00f3n y utilizaci\u00f3n. HOLIDAY TRAVEL CHANNEL SL podr\u00e1 modificar la p\u00e1gina web para efectuar cuantos cambios y modificaciones estime convenientes y crea necesarias para la adecuada funcionalidad de la misma, sin necesidad de previo aviso.<\/p>\n<h2>USUARIOS<\/h2>\n<p>El acceso y\/o uso de este portal de HOLIDAY TRAVEL CHANNEL SL atribuye la condici\u00f3n de USUARIO, que acepta, desde dicho acceso y\/o uso, las Condiciones Generales de Uso aqu\u00ed reflejadas. El acceso a la p\u00e1gina web ser\u00e1 voluntario, y, por tanto, responsabilidad del usuario, quien ser\u00e1 responsable de todo efecto directo o indirecto que por el uso que haga del sitio web se derive, incluyendo, de forma enunciativa y no limitativa, todo resultado. econ\u00f3mico, t\u00e9cnico y\/o jur\u00eddico adverso, as\u00ed como la defraudaci\u00f3n de las expectativas generadas por nuestro sitio web, oblig\u00e1ndose el usuario a mantener indemne a HOLIDAY TRAVEL CHANNEL SL por cualesquiera reclamaciones derivadas, directa o indirectamente de tales hechos.<\/p>\n<h2>USO DEL PORTAL<\/h2>\n<p>www.hotelforsale.me proporciona el acceso a multitud de informaciones, servicios, programas o datos (en adelante, \u201clos contenidos\u201d) en Internet pertenecientes a HOLIDAY TRAVEL CHANNEL SL oa sus licenciantes a los que el USUARIO pueda tener acceso. El USUARIO asume la responsabilidad del uso del portal. Dicha responsabilidad se extiende al registro que fuese necesario para acceder a determinados servicios o contenidos. En dicho registro el USUARIO ser\u00e1 responsable de aportar informaci\u00f3n veraz y l\u00edcita. Como consecuencia de este registro, al USUARIO se le puede proporcionar una contrase\u00f1a de la que ser\u00e1 responsable, comprometi\u00e9ndose a hacer un uso diligente y confidencial de la misma. El USUARIO se compromete a hacer un uso adecuado de los contenidos y servicios (como por ejemplo servicios de chat, foros de discusi\u00f3n o grupos de noticias) que HOLIDAY TRAVEL CHANNEL SL puede ofrecer a trav\u00e9s de su portal y con car\u00e1cter enunciativo pero no limitativo. a no emplearlos para (i) incurrir en actividades il\u00edcitas, ilegales o contrarias a la buena fe y al orden p\u00fablico; (ii) difundir contenidos o propaganda de car\u00e1cter racista, xen\u00f3fobo, pornogr\u00e1fico-ilegal, de apolog\u00eda del terrorismo o atentatorio contra los derechos humanos; (iii) provocar da\u00f1os en los sistemas f\u00edsicos y l\u00f3gicos de HOLIDAY TRAVEL CHANNEL SL, de sus proveedores o de terceras personas, introducir o difundir en la red virus inform\u00e1ticos o cualesquiera otros sistemass o l\u00f3gicos que sean susceptibles de provocar los da\u00f1os anteriormente mencionados; (iv) intentar acceder y, en su caso, utilizar las cuentas de correo electr\u00f3nico de otros usuarios y modificar o manipular sus mensajes. HOLIDAY TRAVEL CHANNEL SL se reserva el derecho de retirar todos aquellos comentarios y aportaciones que vulneren el respeto a la dignidad de la persona, que sean discriminatorios, xen\u00f3fobos, racistas, pornogr\u00e1ficos, que atenten contra la juventud o la infancia, el orden o la seguridad. p\u00fablica o que, a su juicio, no resultar\u00e1n adecuados para su publicaci\u00f3n. En cualquier caso, HOLIDAY TRAVEL CHANNEL SL no ser\u00e1 responsable de las opiniones vertidas por los usuarios a trav\u00e9s de los foros, chats, u otras herramientas de participaci\u00f3n.<\/p>\n<h2>PROPIEDAD INTELECTUAL E INDUSTRIAL<\/h2>\n<p>HOLIDAY TRAVEL CHANNEL SL por s\u00ed o como cesionaria, es titular de todos los derechos de propiedad intelectual e industrial de su p\u00e1gina web, as\u00ed como de los elementos contenidos en la misma (a t\u00edtulo enunciativo, im\u00e1genes, sonido, audio, v\u00eddeo, software o textos; marcas o logotipos, combinaciones de colores, estructura y dise\u00f1o, selecci\u00f3n de materiales usados, programas de ordenador necesarios para su funcionamiento, acceso y uso, etc.), titularidad de HOLIDAY TRAVEL CHANNEL SL o bien de sus licenciantes. Todos los derechos reservados. En virtud de lo dispuesto en los art\u00edculos 8 y 32.1, p\u00e1rrafo segundo, de la Ley de Propiedad Intelectual, quedan expresamente prohibidas la reproducci\u00f3n, la distribuci\u00f3n y la comunicaci\u00f3n p\u00fablica, incluida su modalidad de puesta a disposici\u00f3n, de la totalidad o parte de los contenidos de esta p\u00e1gina web, con fines comerciales, en cualquier soporte y por cualquier medio t\u00e9cnico, sin la autorizaci\u00f3n de HOLIDAY TRAVEL CHANNEL SL.<\/p>\n<p>El USUARIO se compromete a respetar los derechos de Propiedad Intelectual e Industrial titularidad de HOLIDAY TRAVEL CHANNEL SL. Podr\u00e1 visualizar los elementos del portal e incluso imprimirlos, copiarlos y almacenarlos en el disco duro de su ordenador o en cualquier otro soporte f\u00edsico siempre y cuando sea, \u00fanica y exclusivamente, para su uso personal y privado. El USUARIO deber\u00e1 abstenerse de suprimir, alterar, eludir o manipular cualquier dispositivo de protecci\u00f3n o sistema de seguridad que est\u00e9 instalado en las p\u00e1ginas de HOLIDAY TRAVEL CHANNEL SL.<\/p>\n<p>Queda prohibido, por tanto, el uso de la p\u00e1gina web de HOLIDAY TRAVEL CHANNEL SL con fines p\u00fablicos o comerciales, por lo que no se podr\u00e1 explotar, reproducir, distribuir, modificar, comunicar p\u00fablicamente, ceder, transformar o usar el contenido de la web. .<\/p>\n<p>Queda expresamente prohibida la introducci\u00f3n de hiperenlaces con fines mercantiles en p\u00e1ginas web ajenas a HOLIDAY TRAVEL CHANNEL SL, que permiten el acceso a nuestro sitio web, sin consentimiento previo. En todo caso, la existencia de hiperenlaces en sitios web ajenos a nosotros, no implicar\u00e1 en ning\u00fan caso la existencia de relaciones comerciales o mercantiles con el titular de la p\u00e1gina web donde se establece el hiperenlace, ni la aceptaci\u00f3n por parte de HOLIDAY TRAVEL CHANNEL SL. de sus contenidos o servicios.<\/p>\n<h2>DIRECCIONES IP<\/h2>\n<p>Los servidores del sitio web podr\u00e1n detectar de manera autom\u00e1tica la direcci\u00f3n IP y el nombre de dominio utilizado por el usuario. Una direcci\u00f3n IP es un n\u00famero asignado autom\u00e1ticamente a un ordenador cuando \u00e9ste se conecta a Internet. Toda esta informaci\u00f3n est\u00e1 registrada en un fichero de actividad del servidor debidamente inscrito que permite el posterior procesamiento de los datos con el fin de obtener mediciones \u00fanicamente estad\u00edsticas que permiten conocer el n\u00famero de impresiones de p\u00e1ginas, el n\u00famero de visitas realizadas a los servicios web, el orden de visitas, el punto de acceso, etc.<\/p>\n<h2>EXCLUSI\u00d3N DE GARANT\u00cdAS Y RESPONSABILIDAD<\/h2>\n<p>HOLIDAY TRAVEL CHANNEL SL no se hace responsable de los perjuicios que se puedan derivar de interferencias, omisiones, interrupciones, virus inform\u00e1ticos, aver\u00edas y\/o desconexiones en el funcionamiento operativo de este sistema electr\u00f3nico o en los aparatos y equipos inform\u00e1ticos de los usuarios, motivadas. por causas ajenas a HOLIDAY TRAVEL CHANNEL SL, que impidan o retrasen la prestaci\u00f3n de los servicios o la navegaci\u00f3n por la tienda, ni de los retrasos o bloqueos en el uso causados por deficiencias o sobrecargas de Internet o en otros sistemas electr\u00f3nicos, ni de la imposibilidad de dar el servicio o permitir el acceso por causas no imputables a HOLIDAY TRAVEL CHANNEL SL, debidas al usuario, a terceros, o a supuestos de fuerza mayor. HOLIDAY TRAVEL CHANNEL SL no controla, con car\u00e1cter general, la utilizaci\u00f3n que los usuarios hacen del sitio web. En particular, HOLIDAY TRAVEL CHANNEL SL no responde en ning\u00fan caso de que los usuarios utilicen el sitio web de conformidad con la ley, las presentes Condiciones Generales, la moral y buenas costumbres generalmente aceptadas y el orden p\u00fablico, ni tampoco que lo hagan de forma. diligente y prudente.<\/p>\n<p>Los productos presentados en el sitio web son conformes a la legislaci\u00f3n espa\u00f1ola. La responsabilidad de HOLIDAY TRAVEL CHANNEL SL no puede invocarse en el caso de productos no conformes a la legislaci\u00f3n de los pa\u00edses a los que hayan podido ser enviados en funci\u00f3n del pedido del cliente. Corresponde pues, a los clientes de fuera de Espa\u00f1a el verificar la posibilidad de importar o utilizar los productos que nos solicitan.<\/p>\n<h2>MODIFICACIONES<\/h2>\n<p>HOLIDAY TRAVEL CHANNEL SL se reserva el derecho de efectuar sin previo aviso las modificaciones que consideren oportunas en su portal, pudiendo cambiar, suprimir o a\u00f1adir tanto los contenidos y servicios que se presentan a trav\u00e9s de la misma como la forma en la que \u00e9stos aparecen presentados. o localizados en su portal.<\/p>\n<h2>ENLACES<\/h2>\n<p>En el caso de que en www.hotelforsale.me se dispusiesen enlaces o hiperv\u00ednculos hac\u00edan otros sitios de Internet, HOLIDAY TRAVEL CHANNEL SL no ejercer\u00e1 ning\u00fan tipo de control sobre dichos sitios y contenidos. En ning\u00fan caso HOLIDAY TRAVEL CHANNEL SL asumir\u00e1 responsabilidad alguna por los contenidos de alg\u00fan enlace perteneciente a un sitio web ajeno, ni garantizar\u00e1 la disponibilidad, calidad, confiabilidad, exactitud, amplitud, veracidad, validez y constitucionalidad de cualquier material o informaci\u00f3n contenida en ninguno. de dichos hiperv\u00ednculos u otros sitios de Internet. Igualmente la inclusi\u00f3n de estas conexiones externas no implicar\u00e1 ning\u00fan tipo de asociaci\u00f3n, fusi\u00f3n o participaci\u00f3n con las entidades conectadas.<\/p>\n<h2>DERECHO DE EXCLUSI\u00d3N<\/h2>\n<p>HOLIDAY TRAVEL CHANNEL SL se reserva el derecho a denegar o retirar el acceso a portal y\/o los servicios ofrecidos sin necesidad de previo aviso, a instancia propia o de un tercero, a aquellos usuarios que incumplan las presentes Condiciones Generales de Uso.<\/p>\n<h2>GENERALIDADES<\/h2>\n<p>HOLIDAY TRAVEL CHANNEL SL perseguir\u00e1 el incumplimiento de las presentes condiciones as\u00ed como cualquier utilizaci\u00f3n indebida de su portal ejerciendo todas las acciones civiles y penales que le puedan corresponder en derecho.<\/p>","protected":false},"excerpt":{"rendered":"<p>TITULARIDAD En cumplimiento de las obligaciones establecidas en el art\u00edculo 10 de la Ley 34\/2002, de 11 de julio, de Servicios de la Sociedad de la Informaci\u00f3n y Comercio Electr\u00f3nico, se hace constar que esta p\u00e1gina corresponde a la entidad: Titular: \u2013 Domicilio : Tfno: Mail: Web: Para cualquier consulta, puede contactar con en o en [\u2026]<\/p>","protected":false},"author":1,"featured_media":0,"parent":0,"menu_order":9,"comment_status":"closed","ping_status":"closed","template":"","meta":{"site-sidebar-layout":"no-sidebar","site-content-layout":"default","ast-site-content-layout":"default","site-content-style":"default","site-sidebar-style":"default","ast-global-header-display":"","ast-banner-title-visibility":"","ast-main-header-display":"","ast-hfb-above-header-display":"","ast-hfb-below-header-display":"","ast-hfb-mobile-header-display":"","site-post-title":"","ast-breadcrumbs-content":"","ast-featured-img":"","footer-sml-layout":"","theme-transparent-header-meta":"default","adv-header-id-meta":"","stick-header-meta":"default","header-above-stick-meta":"","header-main-stick-meta":"","header-below-stick-meta":"","astra-migrate-meta-layouts":"default","ast-page-background-enabled":"default","ast-page-background-meta":{"desktop":{"background-color":"","background-image":"","background-repeat":"repeat","background-position":"center center","background-size":"auto","background-attachment":"scroll","background-type":"","background-media":"","overlay-type":"","overlay-color":"","overlay-opacity":"","overlay-gradient":""},"tablet":{"background-color":"","background-image":"","background-repeat":"repeat","background-position":"center center","background-size":"auto","background-attachment":"scroll","background-type":"","background-media":"","overlay-type":"","overlay-color":"","overlay-opacity":"","overlay-gradient":""},"mobile":{"background-color":"","background-image":"","background-repeat":"repeat","background-position":"center center","background-size":"auto","background-attachment":"scroll","background-type":"","background-media":"","overlay-type":"","overlay-color":"","overlay-opacity":"","overlay-gradient":""}},"ast-content-background-meta":{"desktop":{"background-color":"var(--ast-global-color-5)","background-image":"","background-repeat":"repeat","background-position":"center center","background-size":"auto","background-attachment":"scroll","background-type":"","background-media":"","overlay-type":"","overlay-color":"","overlay-opacity":"","overlay-gradient":""},"tablet":{"background-color":"var(--ast-global-color-5)","background-image":"","background-repeat":"repeat","background-position":"center center","background-size":"auto","background-attachment":"scroll","background-type":"","background-media":"","overlay-type":"","overlay-color":"","overlay-opacity":"","overlay-gradient":""},"mobile":{"background-color":"var(--ast-global-color-5)","background-image":"","background-repeat":"repeat","background-position":"center center","background-size":"auto","background-attachment":"scroll","background-type":"","background-media":"","overlay-type":"","overlay-color":"","overlay-opacity":"","overlay-gradient":""}},"footnotes":""},"class_list":["post-75","page","type-page","status-publish","hentry"],"yoast_head":"<!-- This site is optimized with the Yoast SEO plugin v26.0 - https:\/\/yoast.com\/wordpress\/plugins\/seo\/ -->\n<title>Aviso legal - International Hotel For Sale<\/title>\n<meta name=\"description\" content=\"Aviso legal de International Hotel For Sale\" \/>\n<meta name=\"robots\" content=\"index, follow, max-snippet:-1, max-image-preview:large, max-video-preview:-1\" \/>\n<link rel=\"canonical\" href=\"https:\/\/www.hotelforsale.me\/es\/aviso-legal\/\" \/>\n<meta property=\"og:locale\" content=\"es_ES\" \/>\n<meta property=\"og:type\" content=\"article\" \/>\n<meta property=\"og:title\" content=\"Aviso legal - International Hotel For Sale\" \/>\n<meta property=\"og:description\" content=\"Aviso legal de International Hotel For Sale\" \/>\n<meta property=\"og:url\" content=\"https:\/\/www.hotelforsale.me\/es\/aviso-legal\/\" \/>\n<meta property=\"og:site_name\" content=\"International Hotel For Sale\" \/>\n<meta property=\"article:modified_time\" content=\"2023-03-24T09:54:20+00:00\" \/>\n<meta property=\"og:image\" content=\"https:\/\/www.hotelforsale.me\/wp-content\/uploads\/2024\/01\/Logo_IHS.png\" \/>\n\t<meta property=\"og:image:width\" content=\"512\" \/>\n\t<meta property=\"og:image:height\" content=\"512\" \/>\n\t<meta property=\"og:image:type\" content=\"image\/png\" \/>\n<meta name=\"twitter:card\" content=\"summary_large_image\" \/>\n<script type=\"application\/ld+json\" class=\"yoast-schema-graph\">{\"@context\":\"https:\/\/schema.org\",\"@graph\":[{\"@type\":\"WebPage\",\"@id\":\"https:\/\/www.hotelforsale.me\/aviso-legal\/\",\"url\":\"https:\/\/www.hotelforsale.me\/aviso-legal\/\",\"name\":\"Aviso legal - International Hotel For Sale\",\"isPartOf\":{\"@id\":\"https:\/\/www.hotelforsale.me\/#website\"},\"datePublished\":\"2023-03-01T12:36:51+00:00\",\"dateModified\":\"2023-03-24T09:54:20+00:00\",\"description\":\"Aviso legal de International Hotel For Sale\",\"breadcrumb\":{\"@id\":\"https:\/\/www.hotelforsale.me\/aviso-legal\/#breadcrumb\"},\"inLanguage\":\"es\",\"potentialAction\":[{\"@type\":\"ReadAction\",\"target\":[\"https:\/\/www.hotelforsale.me\/aviso-legal\/\"]}]},{\"@type\":\"BreadcrumbList\",\"@id\":\"https:\/\/www.hotelforsale.me\/aviso-legal\/#breadcrumb\",\"itemListElement\":[{\"@type\":\"ListItem\",\"position\":1,\"name\":\"Inicio\",\"item\":\"https:\/\/www.hotelforsale.me\/\"},{\"@type\":\"ListItem\",\"position\":2,\"name\":\"Aviso legal\"}]},{\"@type\":\"WebSite\",\"@id\":\"https:\/\/www.hotelforsale.me\/#website\",\"url\":\"https:\/\/www.hotelforsale.me\/\",\"name\":\"Hotel For Sale\",\"description\":\"The best International Hotels Marketplace\",\"publisher\":{\"@id\":\"https:\/\/www.hotelforsale.me\/#organization\"},\"potentialAction\":[{\"@type\":\"SearchAction\",\"target\":{\"@type\":\"EntryPoint\",\"urlTemplate\":\"https:\/\/www.hotelforsale.me\/?s={search_term_string}\"},\"query-input\":{\"@type\":\"PropertyValueSpecification\",\"valueRequired\":true,\"valueName\":\"search_term_string\"}}],\"inLanguage\":\"es\"},{\"@type\":\"Organization\",\"@id\":\"https:\/\/www.hotelforsale.me\/#organization\",\"name\":\"Hotel For Sale\",\"url\":\"https:\/\/www.hotelforsale.me\/\",\"logo\":{\"@type\":\"ImageObject\",\"inLanguage\":\"es\",\"@id\":\"https:\/\/www.hotelforsale.me\/#\/schema\/logo\/image\/\",\"url\":\"https:\/\/www.hotelforsale.me\/wp-content\/uploads\/2024\/01\/Logo_IHS.png\",\"contentUrl\":\"https:\/\/www.hotelforsale.me\/wp-content\/uploads\/2024\/01\/Logo_IHS.png\",\"width\":512,\"height\":512,\"caption\":\"Hotel For Sale\"},\"image\":{\"@id\":\"https:\/\/www.hotelforsale.me\/#\/schema\/logo\/image\/\"}}]}<\/script>\n<!-- \/ Yoast SEO plugin. -->","yoast_head_json":{"title":"Aviso legal - Internacional Hotel For Sale","description":"Aviso legal de Internacional Hotel For Sale","robots":{"index":"index","follow":"follow","max-snippet":"max-snippet:-1","max-image-preview":"max-image-preview:large","max-video-preview":"max-video-preview:-1"},"canonical":"https:\/\/www.hotelforsale.me\/es\/aviso-legal\/","og_locale":"es_ES","og_type":"article","og_title":"Aviso legal - International Hotel For Sale","og_description":"Aviso legal de International Hotel For Sale","og_url":"https:\/\/www.hotelforsale.me\/es\/aviso-legal\/","og_site_name":"International Hotel For Sale","article_modified_time":"2023-03-24T09:54:20+00:00","og_image":[{"width":512,"height":512,"url":"https:\/\/www.hotelforsale.me\/wp-content\/uploads\/2024\/01\/Logo_IHS.png","type":"image\/png"}],"twitter_card":"summary_large_image","schema":{"@context":"https:\/\/schema.org","@graph":[{"@type":"WebPage","@id":"https:\/\/www.hotelforsale.me\/aviso-legal\/","url":"https:\/\/www.hotelforsale.me\/aviso-legal\/","name":"Aviso legal - Internacional Hotel For Sale","isPartOf":{"@id":"https:\/\/www.hotelforsale.me\/#website"},"datePublished":"2023-03-01T12:36:51+00:00","dateModified":"2023-03-24T09:54:20+00:00","description":"Aviso legal de Internacional Hotel For Sale","breadcrumb":{"@id":"https:\/\/www.hotelforsale.me\/aviso-legal\/#breadcrumb"},"inLanguage":"es","potentialAction":[{"@type":"ReadAction","target":["https:\/\/www.hotelforsale.me\/aviso-legal\/"]}]},{"@type":"BreadcrumbList","@id":"https:\/\/www.hotelforsale.me\/aviso-legal\/#breadcrumb","itemListElement":[{"@type":"ListItem","position":1,"name":"Inicio","item":"https:\/\/www.hotelforsale.me\/"},{"@type":"ListItem","position":2,"name":"Aviso legal"}]},{"@type":"WebSite","@id":"https:\/\/www.hotelforsale.me\/#website","url":"https:\/\/www.hotelforsale.me\/","name":"Hotel For Sale","description":"El mejor Marketplace Internacional de Hoteles","publisher":{"@id":"https:\/\/www.hotelforsale.me\/#organization"},"potentialAction":[{"@type":"SearchAction","target":{"@type":"EntryPoint","urlTemplate":"https:\/\/www.hotelforsale.me\/?s={search_term_string}"},"query-input":{"@type":"PropertyValueSpecification","valueRequired":true,"valueName":"search_term_string"}}],"inLanguage":"es"},{"@type":"Organization","@id":"https:\/\/www.hotelforsale.me\/#organization","name":"Hotel For Sale","url":"https:\/\/www.hotelforsale.me\/","logo":{"@type":"ImageObject","inLanguage":"es","@id":"https:\/\/www.hotelforsale.me\/#\/schema\/logo\/image\/","url":"https:\/\/www.hotelforsale.me\/wp-content\/uploads\/2024\/01\/Logo_IHS.png","contentUrl":"https:\/\/www.hotelforsale.me\/wp-content\/uploads\/2024\/01\/Logo_IHS.png","width":512,"height":512,"caption":"Hotel For Sale"},"image":{"@id":"https:\/\/www.hotelforsale.me\/#\/schema\/logo\/image\/"}}]}},"_links":{"self":[{"href":"https:\/\/www.hotelforsale.me\/es\/wp-json\/wp\/v2\/pages\/75","targetHints":{"allow":["GET"]}}],"collection":[{"href":"https:\/\/www.hotelforsale.me\/es\/wp-json\/wp\/v2\/pages"}],"about":[{"href":"https:\/\/www.hotelforsale.me\/es\/wp-json\/wp\/v2\/types\/page"}],"author":[{"embeddable":true,"href":"https:\/\/www.hotelforsale.me\/es\/wp-json\/wp\/v2\/users\/1"}],"replies":[{"embeddable":true,"href":"https:\/\/www.hotelforsale.me\/es\/wp-json\/wp\/v2\/comments?post=75"}],"version-history":[{"count":5,"href":"https:\/\/www.hotelforsale.me\/es\/wp-json\/wp\/v2\/pages\/75\/revisions"}],"predecessor-version":[{"id":180,"href":"https:\/\/www.hotelforsale.me\/es\/wp-json\/wp\/v2\/pages\/75\/revisions\/180"}],"wp:attachment":[{"href":"https:\/\/www.hotelforsale.me\/es\/wp-json\/wp\/v2\/media?parent=75"}],"curies":[{"name":"wp","href":"https:\/\/api.w.org\/{rel}","templated":true}]}}